{"id":596236,"date":"2025-10-08T16:18:06","date_gmt":"2025-10-08T16:18:06","guid":{"rendered":"https:\/\/www.primorbox.eu\/?post_type=product&#038;p=596236"},"modified":"2026-04-13T07:39:53","modified_gmt":"2026-04-13T07:39:53","slug":"calendario-de-adviento-premium","status":"publish","type":"product","link":"https:\/\/www.primorbox.eu\/pt-pt\/produto\/calendario-de-adviento-premium\/","title":{"rendered":"Calend\u00e1rio do Advento Premium da Primor"},"content":{"rendered":"<p><em>UMA PRENDA INESPERADA!<\/em><\/p>\n<p>J\u00e1 chegou o <strong>Calend\u00e1rio do Advento Premium da Primor!<\/strong><\/p>\n<p><strong>Celebra o Natal na Primor com 25 produtos de marcas premium<\/strong> entre os quais encontrar\u00e1s tamanhos de viagem e minis exclusivos, com um <strong>*valor aproximado de 155\u20ac.<\/strong><\/p>\n<p>Com uma embalagem premium, elegante e brilhante, no interior das caixinhas vais descobrir <strong>perfumes, cosm\u00e9ticos, maquilhagem e produtos para o cabelo e corpo de marcas de luxo, de dermocosm\u00e9tica e de beleza coreana.<\/strong><\/p>\n<p>O melhor presente espera-te antes do Natal!<\/p>\n<p>Mas aten\u00e7\u00e3o, nada de batotas! Para viveres esta experi\u00eancia ao m\u00e1ximo, s\u00f3 podes abrir uma caixinha por dia, come\u00e7ando pela n\u00famero 1.<\/p>\n<p>E para te ajudar a resistir \u00e0 tenta\u00e7\u00e3o, aqui tens um pequeno spoiler com as 25 marcas que comp\u00f5em este fabuloso Calend\u00e1rio. <strong>Consegues adivinhar qual \u00e9 a marca que inclui 2 produtos?<\/strong><\/p>\n<p><em>Guerlain, K\u00e9rastase, Elizabeth Arden, Shiseido, Bareminerals, Mont Blanc, Lanc\u00f4me, Yves Saint Laurent, Prada, Wella Professionals, Marc Jacobs, Collistar, Plantur, Neqi, Its' skin, Tocobo, TonyMoly, Some by mi, Weleda, Eucerin, Neutrogena, Rilastil, Germinal e Av\u00e8ne.<\/em><\/p>\n<p>Se queres desfrutar da contagem decrescente at\u00e9 ao Natal ou precisas de uma prenda exclusiva para o teu amigo secreto, <strong>o Calend\u00e1rio do Advento Premium<\/strong> \u00e9 perfeito para ti.<\/p>\n<p>Lembra-te: <strong>que as unidades s\u00e3o limitadas!<\/strong><\/p>\n<p><strong><em><u>Nota importante:<\/u><\/em><\/strong><\/p>\n<p><em>Na caixinha n\u00ba 9 deste Calend\u00e1rio Premium encontras o produto <strong>S\u00e9rum de \u00c1cido Hialur\u00f3nico Ceramide em formato de 7 c\u00e1psulas.<\/strong> Na embalagem h\u00e1 um erro tipogr\u00e1fico onde se indica que o formato \u00e9 de 30 c\u00e1psulas, mas essa informa\u00e7\u00e3o est\u00e1 incorreta, o formato inclu\u00eddo \u00e9 de 7 c\u00e1psulas. (Caso fosse de 30 c\u00e1psulas, o valor total dos produtos do Calend\u00e1rio ultrapassaria os 190\u202f\u20ac, o que n\u00e3o corresponde ao valor real indicado, que \u00e9 de aproximadamente 155\u202f\u20ac). Agradecemos a compreens\u00e3o!<\/em><\/p>","protected":false},"excerpt":{"rendered":"<p>J\u00e1 chegou o <strong>Calend\u00e1rio do Advento Premium da Primor! <\/strong>Celebra o Natal na Primor com 25 produtos de marcas premium. <span style=\"font-size: 16px;\">Lembra-te: <\/span><strong style=\"font-size: 16px;\">que as unidades s\u00e3o limitadas!<\/strong><span style=\"font-size: 16px;\">!<\/span><\/p>","protected":false},"featured_media":608175,"template":"","meta":{"site-sidebar-layout":"default","site-content-layout":"default","ast-site-content-layout":"default","site-content-style":"default","site-sidebar-style":"default","ast-global-header-display":"","ast-banner-title-visibility":"","ast-main-header-display":"","ast-hfb-above-header-display":"","ast-hfb-below-header-display":"","ast-hfb-mobile-header-display":"","site-post-title":"","ast-breadcrumbs-content":"","ast-featured-img":"","footer-sml-layout":"","ast-disable-related-posts":"","theme-transparent-header-meta":"default","adv-header-id-meta":"","stick-header-meta":"","header-above-stick-meta":"","header-main-stick-meta":"","header-below-stick-meta":"","astra-migrate-meta-layouts":"set","ast-page-background-enabled":"default","ast-page-background-meta":{"desktop":{"background-color":"var(--ast-global-color-4)","background-image":"","background-repeat":"repeat","background-position":"center center","background-size":"auto","background-attachment":"scroll","background-type":"","background-media":"","overlay-type":"","overlay-color":"","overlay-opacity":"","overlay-gradient":""},"tablet":{"background-color":"","background-image":"","background-repeat":"repeat","background-position":"center center","background-size":"auto","background-attachment":"scroll","background-type":"","background-media":"","overlay-type":"","overlay-color":"","overlay-opacity":"","overlay-gradient":""},"mobile":{"background-color":"","background-image":"","background-repeat":"repeat","background-position":"center center","background-size":"auto","background-attachment":"scroll","background-type":"","background-media":"","overlay-type":"","overlay-color":"","overlay-opacity":"","overlay-gradient":""}},"ast-content-background-meta":{"desktop":{"background-color":"var(--ast-global-color-5)","background-image":"","background-repeat":"repeat","background-position":"center center","background-size":"auto","background-attachment":"scroll","background-type":"","background-media":"","overlay-type":"","overlay-color":"","overlay-opacity":"","overlay-gradient":""},"tablet":{"background-color":"var(--ast-global-color-5)","background-image":"","background-repeat":"repeat","background-position":"center center","background-size":"auto","background-attachment":"scroll","background-type":"","background-media":"","overlay-type":"","overlay-color":"","overlay-opacity":"","overlay-gradient":""},"mobile":{"background-color":"var(--ast-global-color-5)","background-image":"","background-repeat":"repeat","background-position":"center center","background-size":"auto","background-attachment":"scroll","background-type":"","background-media":"","overlay-type":"","overlay-color":"","overlay-opacity":"","overlay-gradient":""}}},"product_brand":[],"product_cat":[35],"product_tag":[],"class_list":{"0":"post-596236","1":"product","2":"type-product","3":"status-publish","4":"has-post-thumbnail","6":"product_cat-calendario","7":"desktop-align-left","8":"tablet-align-left","9":"mobile-align-left","11":"first","12":"outofstock","13":"taxable","14":"shipping-taxable","15":"purchasable","16":"product-type-simple"},"yoast_head":"<!-- This site is optimized with the Yoast SEO plugin v26.6 - https:\/\/yoast.com\/wordpress\/plugins\/seo\/ -->\n<title>Calendario de Adviento Premium Primor - Primor Box<\/title>\n<meta name=\"description\" content=\"\u00a1Ya est\u00e1 aqu\u00ed el primer Calendario de Adviento de Primor! Haz de la cuenta atr\u00e1s hasta Navidad una dulce espera con 24 sorpresas valoradas en m\u00e1s de 100\u20ac...\" \/>\n<meta name=\"robots\" content=\"index, follow, max-snippet:-1, max-image-preview:large, max-video-preview:-1\" \/>\n<link rel=\"canonical\" href=\"https:\/\/www.primorbox.eu\/pt-pt\/produto\/calendario-de-adviento-premium\/\" \/>\n<meta property=\"og:locale\" content=\"pt_PT\" \/>\n<meta property=\"og:type\" content=\"article\" \/>\n<meta property=\"og:title\" content=\"Calendario de Adviento Premium Primor - Primor Box\" \/>\n<meta property=\"og:description\" content=\"\u00a1Ya est\u00e1 aqu\u00ed el primer Calendario de Adviento de Primor! Haz de la cuenta atr\u00e1s hasta Navidad una dulce espera con 24 sorpresas valoradas en m\u00e1s de 100\u20ac...\" \/>\n<meta property=\"og:url\" content=\"https:\/\/www.primorbox.eu\/pt-pt\/produto\/calendario-de-adviento-premium\/\" \/>\n<meta property=\"og:site_name\" content=\"Primor Box\" \/>\n<meta property=\"article:modified_time\" content=\"2026-04-13T07:39:53+00:00\" \/>\n<meta property=\"og:image\" content=\"https:\/\/www.primorbox.eu\/wp-content\/uploads\/2025\/10\/ficha-producto-SIN-LOGOS-600X600.jpg\" \/>\n\t<meta property=\"og:image:width\" content=\"600\" \/>\n\t<meta property=\"og:image:height\" content=\"600\" \/>\n\t<meta property=\"og:image:type\" content=\"image\/jpeg\" \/>\n<meta name=\"twitter:card\" content=\"summary_large_image\" \/>\n<meta name=\"twitter:label1\" content=\"Tempo estimado de leitura\" \/>\n\t<meta name=\"twitter:data1\" content=\"2 minutos\" \/>\n<script type=\"application\/ld+json\" class=\"yoast-schema-graph\">{\"@context\":\"https:\/\/schema.org\",\"@graph\":[{\"@type\":\"WebPage\",\"@id\":\"https:\/\/www.primorbox.eu\/producto\/calendario-de-adviento-premium\/\",\"url\":\"https:\/\/www.primorbox.eu\/producto\/calendario-de-adviento-premium\/\",\"name\":\"Calendario de Adviento Premium Primor - Primor Box\",\"isPartOf\":{\"@id\":\"https:\/\/www.primorbox.eu\/#website\"},\"primaryImageOfPage\":{\"@id\":\"https:\/\/www.primorbox.eu\/producto\/calendario-de-adviento-premium\/#primaryimage\"},\"image\":{\"@id\":\"https:\/\/www.primorbox.eu\/producto\/calendario-de-adviento-premium\/#primaryimage\"},\"thumbnailUrl\":\"https:\/\/www.primorbox.eu\/wp-content\/uploads\/2025\/10\/ficha-producto-SIN-LOGOS-600X600.jpg\",\"datePublished\":\"2025-10-08T16:18:06+00:00\",\"dateModified\":\"2026-04-13T07:39:53+00:00\",\"description\":\"\u00a1Ya est\u00e1 aqu\u00ed el primer Calendario de Adviento de Primor! Haz de la cuenta atr\u00e1s hasta Navidad una dulce espera con 24 sorpresas valoradas en m\u00e1s de 100\u20ac...\",\"breadcrumb\":{\"@id\":\"https:\/\/www.primorbox.eu\/producto\/calendario-de-adviento-premium\/#breadcrumb\"},\"inLanguage\":\"pt-PT\",\"potentialAction\":[{\"@type\":\"ReadAction\",\"target\":[\"https:\/\/www.primorbox.eu\/producto\/calendario-de-adviento-premium\/\"]}]},{\"@type\":\"ImageObject\",\"inLanguage\":\"pt-PT\",\"@id\":\"https:\/\/www.primorbox.eu\/producto\/calendario-de-adviento-premium\/#primaryimage\",\"url\":\"https:\/\/www.primorbox.eu\/wp-content\/uploads\/2025\/10\/ficha-producto-SIN-LOGOS-600X600.jpg\",\"contentUrl\":\"https:\/\/www.primorbox.eu\/wp-content\/uploads\/2025\/10\/ficha-producto-SIN-LOGOS-600X600.jpg\",\"width\":600,\"height\":600},{\"@type\":\"BreadcrumbList\",\"@id\":\"https:\/\/www.primorbox.eu\/producto\/calendario-de-adviento-premium\/#breadcrumb\",\"itemListElement\":[{\"@type\":\"ListItem\",\"position\":1,\"name\":\"Portada\",\"item\":\"https:\/\/www.primorbox.eu\/\"},{\"@type\":\"ListItem\",\"position\":2,\"name\":\"Tienda\",\"item\":\"https:\/\/www.primorbox.eu\/tienda\/\"},{\"@type\":\"ListItem\",\"position\":3,\"name\":\"Calendario de Adviento Premium Primor\"}]},{\"@type\":\"WebSite\",\"@id\":\"https:\/\/www.primorbox.eu\/#website\",\"url\":\"https:\/\/www.primorbox.eu\/\",\"name\":\"Primor Box\",\"description\":\"\",\"potentialAction\":[{\"@type\":\"SearchAction\",\"target\":{\"@type\":\"EntryPoint\",\"urlTemplate\":\"https:\/\/www.primorbox.eu\/?s={search_term_string}\"},\"query-input\":{\"@type\":\"PropertyValueSpecification\",\"valueRequired\":true,\"valueName\":\"search_term_string\"}}],\"inLanguage\":\"pt-PT\"}]}<\/script>\n<!-- \/ Yoast SEO plugin. -->","yoast_head_json":{"title":"Calendario de Adviento Premium Primor - Primor Box","description":"\u00a1Ya est\u00e1 aqu\u00ed el primer Calendario de Adviento de Primor! Haz de la cuenta atr\u00e1s hasta Navidad una dulce espera con 24 sorpresas valoradas en m\u00e1s de 100\u20ac...","robots":{"index":"index","follow":"follow","max-snippet":"max-snippet:-1","max-image-preview":"max-image-preview:large","max-video-preview":"max-video-preview:-1"},"canonical":"https:\/\/www.primorbox.eu\/pt-pt\/produto\/calendario-de-adviento-premium\/","og_locale":"pt_PT","og_type":"article","og_title":"Calendario de Adviento Premium Primor - Primor Box","og_description":"\u00a1Ya est\u00e1 aqu\u00ed el primer Calendario de Adviento de Primor! Haz de la cuenta atr\u00e1s hasta Navidad una dulce espera con 24 sorpresas valoradas en m\u00e1s de 100\u20ac...","og_url":"https:\/\/www.primorbox.eu\/pt-pt\/produto\/calendario-de-adviento-premium\/","og_site_name":"Primor Box","article_modified_time":"2026-04-13T07:39:53+00:00","og_image":[{"width":600,"height":600,"url":"https:\/\/www.primorbox.eu\/wp-content\/uploads\/2025\/10\/ficha-producto-SIN-LOGOS-600X600.jpg","type":"image\/jpeg"}],"twitter_card":"summary_large_image","twitter_misc":{"Tempo estimado de leitura":"2 minutos"},"schema":{"@context":"https:\/\/schema.org","@graph":[{"@type":"WebPage","@id":"https:\/\/www.primorbox.eu\/producto\/calendario-de-adviento-premium\/","url":"https:\/\/www.primorbox.eu\/producto\/calendario-de-adviento-premium\/","name":"Calendario de Adviento Premium Primor - Primor Box","isPartOf":{"@id":"https:\/\/www.primorbox.eu\/#website"},"primaryImageOfPage":{"@id":"https:\/\/www.primorbox.eu\/producto\/calendario-de-adviento-premium\/#primaryimage"},"image":{"@id":"https:\/\/www.primorbox.eu\/producto\/calendario-de-adviento-premium\/#primaryimage"},"thumbnailUrl":"https:\/\/www.primorbox.eu\/wp-content\/uploads\/2025\/10\/ficha-producto-SIN-LOGOS-600X600.jpg","datePublished":"2025-10-08T16:18:06+00:00","dateModified":"2026-04-13T07:39:53+00:00","description":"\u00a1Ya est\u00e1 aqu\u00ed el primer Calendario de Adviento de Primor! Haz de la cuenta atr\u00e1s hasta Navidad una dulce espera con 24 sorpresas valoradas en m\u00e1s de 100\u20ac...","breadcrumb":{"@id":"https:\/\/www.primorbox.eu\/producto\/calendario-de-adviento-premium\/#breadcrumb"},"inLanguage":"pt-PT","potentialAction":[{"@type":"ReadAction","target":["https:\/\/www.primorbox.eu\/producto\/calendario-de-adviento-premium\/"]}]},{"@type":"ImageObject","inLanguage":"pt-PT","@id":"https:\/\/www.primorbox.eu\/producto\/calendario-de-adviento-premium\/#primaryimage","url":"https:\/\/www.primorbox.eu\/wp-content\/uploads\/2025\/10\/ficha-producto-SIN-LOGOS-600X600.jpg","contentUrl":"https:\/\/www.primorbox.eu\/wp-content\/uploads\/2025\/10\/ficha-producto-SIN-LOGOS-600X600.jpg","width":600,"height":600},{"@type":"BreadcrumbList","@id":"https:\/\/www.primorbox.eu\/producto\/calendario-de-adviento-premium\/#breadcrumb","itemListElement":[{"@type":"ListItem","position":1,"name":"Portada","item":"https:\/\/www.primorbox.eu\/"},{"@type":"ListItem","position":2,"name":"Tienda","item":"https:\/\/www.primorbox.eu\/tienda\/"},{"@type":"ListItem","position":3,"name":"Calendario de Adviento Premium Primor"}]},{"@type":"WebSite","@id":"https:\/\/www.primorbox.eu\/#website","url":"https:\/\/www.primorbox.eu\/","name":"Primor Box","description":"","potentialAction":[{"@type":"SearchAction","target":{"@type":"EntryPoint","urlTemplate":"https:\/\/www.primorbox.eu\/?s={search_term_string}"},"query-input":{"@type":"PropertyValueSpecification","valueRequired":true,"valueName":"search_term_string"}}],"inLanguage":"pt-PT"}]}},"_links":{"self":[{"href":"https:\/\/www.primorbox.eu\/pt-pt\/wp-json\/wp\/v2\/product\/596236","targetHints":{"allow":["GET"]}}],"collection":[{"href":"https:\/\/www.primorbox.eu\/pt-pt\/wp-json\/wp\/v2\/product"}],"about":[{"href":"https:\/\/www.primorbox.eu\/pt-pt\/wp-json\/wp\/v2\/types\/product"}],"wp:featuredmedia":[{"embeddable":true,"href":"https:\/\/www.primorbox.eu\/pt-pt\/wp-json\/wp\/v2\/media\/608175"}],"wp:attachment":[{"href":"https:\/\/www.primorbox.eu\/pt-pt\/wp-json\/wp\/v2\/media?parent=596236"}],"wp:term":[{"taxonomy":"product_brand","embeddable":true,"href":"https:\/\/www.primorbox.eu\/pt-pt\/wp-json\/wp\/v2\/product_brand?post=596236"},{"taxonomy":"product_cat","embeddable":true,"href":"https:\/\/www.primorbox.eu\/pt-pt\/wp-json\/wp\/v2\/product_cat?post=596236"},{"taxonomy":"product_tag","embeddable":true,"href":"https:\/\/www.primorbox.eu\/pt-pt\/wp-json\/wp\/v2\/product_tag?post=596236"}],"curies":[{"name":"wp","href":"https:\/\/api.w.org\/{rel}","templated":true}]}}