{"id":396066,"date":"2024-10-29T10:57:58","date_gmt":"2024-10-29T10:57:58","guid":{"rendered":"https:\/\/www.primorbox.eu\/?post_type=product&#038;p=396066"},"modified":"2025-10-27T12:58:54","modified_gmt":"2025-10-27T12:58:54","slug":"calendario-luxo-primor-2024","status":"publish","type":"product","link":"https:\/\/www.primorbox.eu\/pt-pt\/produto\/calendario-luxo-primor-2024\/","title":{"rendered":"Luxury Calendar Primor 2024"},"content":{"rendered":"<p>Pode ver <strong>os melhores Calend\u00e1rios do Advento Primor<\/strong> : <a href=\"https:\/\/www.primor.eu\/pt_pt\/?query=calendarioadvento\" target=\"_blank\" rel=\"noopener\"><strong>(clicando aqui)<\/strong><\/a><\/p>\n<p>&nbsp;<\/p>\n<p><em>UMA PRENDA INESPERADA!<\/em><\/p>\n<p>Chegou o novo\u00a0<strong>Luxury Calendar Primor<\/strong>!<\/p>\n<p><strong>Celebra o Natal na Primor com 12 produtos de luxo,<\/strong> incluindo tamanhos de viagem e miniaturas exclusivas, com um valor aproximado de 95\u20ac.<\/p>\n<p>Com um packaging elegante e luxuoso, no interior das caixinhas vais encontrar\u00a0<strong>perfumes, cosm\u00e9ticos, maquilhagem e produtos para cabelo e corpo de marcas de luxo.<\/strong><\/p>\n<p>O melhor presente espera-te antes do Natal!<\/p>\n<p>Mas aten\u00e7\u00e3o, nada de batotas! Para viveres esta experi\u00eancia ao m\u00e1ximo, s\u00f3 podes abrir uma caixinha por dia, come\u00e7ando pela n\u00famero 1.<\/p>\n<p>E para te ajudar a resistir \u00e0 tenta\u00e7\u00e3o, damos-te uma pr\u00e9via das 11 marcas que comp\u00f5em este fabuloso Calend\u00e1rio. <strong>Consegues adivinhar qual \u00e9 a marca que inclui 2 produtos?<\/strong><\/p>\n<ul>\n<li>BareMinerals<\/li>\n<li>Biotherm<\/li>\n<li>Calvin Klein<\/li>\n<li>Clarins<\/li>\n<li>Elizabeth Arden<\/li>\n<li>Est\u00e9e Lauder<\/li>\n<li>Guerlain<\/li>\n<li>K\u00e9rastase<\/li>\n<li>Lanc\u00f4me<\/li>\n<li>MAC<\/li>\n<li>Prada<\/li>\n<\/ul>\n<p>Se queres desfrutar da contagem decrescente at\u00e9 ao Natal ou precisas de uma prenda exclusiva para o teu amigo secreto,<strong>\u00a0Luxury Calendar Primor<\/strong> \u00e9 perfeito para ti.<\/p>\n<p>Lembra-te:\u00a0<strong>que as unidades s\u00e3o limitadas!<\/strong>!<\/p>\n<p><em>*Data prevista de envio: semanas de 18 e 25 de novembro.<\/em><\/p>","protected":false},"excerpt":{"rendered":"<p>Chegou o novo\u00a0<strong>Luxury Calendar Primor<\/strong>Celebra o Natal na Primor com 12 produtos de luxo, Lembra-te que as\u00a0<strong>que as unidades s\u00e3o limitadas!<\/strong>!<\/p>","protected":false},"featured_media":396085,"template":"","meta":{"site-sidebar-layout":"default","site-content-layout":"default","ast-site-content-layout":"default","site-content-style":"default","site-sidebar-style":"default","ast-global-header-display":"","ast-banner-title-visibility":"","ast-main-header-display":"","ast-hfb-above-header-display":"","ast-hfb-below-header-display":"","ast-hfb-mobile-header-display":"","site-post-title":"","ast-breadcrumbs-content":"","ast-featured-img":"","footer-sml-layout":"","ast-disable-related-posts":"","theme-transparent-header-meta":"default","adv-header-id-meta":"","stick-header-meta":"","header-above-stick-meta":"","header-main-stick-meta":"","header-below-stick-meta":"","astra-migrate-meta-layouts":"set","ast-page-background-enabled":"default","ast-page-background-meta":{"desktop":{"background-color":"var(--ast-global-color-4)","background-image":"","background-repeat":"repeat","background-position":"center center","background-size":"auto","background-attachment":"scroll","background-type":"","background-media":"","overlay-type":"","overlay-color":"","overlay-opacity":"","overlay-gradient":""},"tablet":{"background-color":"","background-image":"","background-repeat":"repeat","background-position":"center center","background-size":"auto","background-attachment":"scroll","background-type":"","background-media":"","overlay-type":"","overlay-color":"","overlay-opacity":"","overlay-gradient":""},"mobile":{"background-color":"","background-image":"","background-repeat":"repeat","background-position":"center center","background-size":"auto","background-attachment":"scroll","background-type":"","background-media":"","overlay-type":"","overlay-color":"","overlay-opacity":"","overlay-gradient":""}},"ast-content-background-meta":{"desktop":{"background-color":"var(--ast-global-color-5)","background-image":"","background-repeat":"repeat","background-position":"center center","background-size":"auto","background-attachment":"scroll","background-type":"","background-media":"","overlay-type":"","overlay-color":"","overlay-opacity":"","overlay-gradient":""},"tablet":{"background-color":"var(--ast-global-color-5)","background-image":"","background-repeat":"repeat","background-position":"center center","background-size":"auto","background-attachment":"scroll","background-type":"","background-media":"","overlay-type":"","overlay-color":"","overlay-opacity":"","overlay-gradient":""},"mobile":{"background-color":"var(--ast-global-color-5)","background-image":"","background-repeat":"repeat","background-position":"center center","background-size":"auto","background-attachment":"scroll","background-type":"","background-media":"","overlay-type":"","overlay-color":"","overlay-opacity":"","overlay-gradient":""}}},"product_brand":[],"product_cat":[35],"product_tag":[],"class_list":{"0":"post-396066","1":"product","2":"type-product","3":"status-publish","4":"has-post-thumbnail","6":"product_cat-calendario","7":"desktop-align-left","8":"tablet-align-left","9":"mobile-align-left","11":"first","12":"outofstock","13":"taxable","14":"shipping-taxable","15":"purchasable","16":"product-type-simple"},"yoast_head":"<!-- This site is optimized with the Yoast SEO plugin v27.5 - https:\/\/yoast.com\/product\/yoast-seo-wordpress\/ -->\n<title>Luxury Calendar Primor 2024 - Primor Box<\/title>\n<meta name=\"description\" content=\"\u00a1Ya est\u00e1 aqu\u00ed el primer Calendario de Adviento de Primor! Haz de la cuenta atr\u00e1s hasta Navidad una dulce espera con 24 sorpresas valoradas en m\u00e1s de 100\u20ac...\" \/>\n<meta name=\"robots\" content=\"index, follow, max-snippet:-1, max-image-preview:large, max-video-preview:-1\" \/>\n<link rel=\"canonical\" href=\"https:\/\/www.primorbox.eu\/pt-pt\/produto\/calendario-luxo-primor-2024\/\" \/>\n<meta property=\"og:locale\" content=\"pt_PT\" \/>\n<meta property=\"og:type\" content=\"article\" \/>\n<meta property=\"og:title\" content=\"Luxury Calendar Primor 2024 - Primor Box\" \/>\n<meta property=\"og:description\" content=\"\u00a1Ya est\u00e1 aqu\u00ed el primer Calendario de Adviento de Primor! Haz de la cuenta atr\u00e1s hasta Navidad una dulce espera con 24 sorpresas valoradas en m\u00e1s de 100\u20ac...\" \/>\n<meta property=\"og:url\" content=\"https:\/\/www.primorbox.eu\/pt-pt\/produto\/calendario-luxo-primor-2024\/\" \/>\n<meta property=\"og:site_name\" content=\"Primor Box\" \/>\n<meta property=\"article:modified_time\" content=\"2025-10-27T12:58:54+00:00\" \/>\n<meta property=\"og:image\" content=\"https:\/\/www.primorbox.eu\/wp-content\/uploads\/2024\/10\/Luxury-Calendar-Primor-2024.png\" \/>\n\t<meta property=\"og:image:width\" content=\"1200\" \/>\n\t<meta property=\"og:image:height\" content=\"1200\" \/>\n\t<meta property=\"og:image:type\" content=\"image\/png\" \/>\n<meta name=\"twitter:card\" content=\"summary_large_image\" \/>\n<meta name=\"twitter:label1\" content=\"Tempo estimado de leitura\" \/>\n\t<meta name=\"twitter:data1\" content=\"2 minutos\" \/>\n<script type=\"application\/ld+json\" class=\"yoast-schema-graph\">{\"@context\":\"https:\\\/\\\/schema.org\",\"@graph\":[{\"@type\":\"WebPage\",\"@id\":\"https:\\\/\\\/www.primorbox.eu\\\/producto\\\/luxury-calendar-primor-2024\\\/\",\"url\":\"https:\\\/\\\/www.primorbox.eu\\\/producto\\\/luxury-calendar-primor-2024\\\/\",\"name\":\"Luxury Calendar Primor 2024 - Primor Box\",\"isPartOf\":{\"@id\":\"https:\\\/\\\/www.primorbox.eu\\\/#website\"},\"primaryImageOfPage\":{\"@id\":\"https:\\\/\\\/www.primorbox.eu\\\/producto\\\/luxury-calendar-primor-2024\\\/#primaryimage\"},\"image\":{\"@id\":\"https:\\\/\\\/www.primorbox.eu\\\/producto\\\/luxury-calendar-primor-2024\\\/#primaryimage\"},\"thumbnailUrl\":\"https:\\\/\\\/www.primorbox.eu\\\/wp-content\\\/uploads\\\/2024\\\/10\\\/Luxury-Calendar-Primor-2024.png\",\"datePublished\":\"2024-10-29T10:57:58+00:00\",\"dateModified\":\"2025-10-27T12:58:54+00:00\",\"description\":\"\u00a1Ya est\u00e1 aqu\u00ed el primer Calendario de Adviento de Primor! Haz de la cuenta atr\u00e1s hasta Navidad una dulce espera con 24 sorpresas valoradas en m\u00e1s de 100\u20ac...\",\"breadcrumb\":{\"@id\":\"https:\\\/\\\/www.primorbox.eu\\\/producto\\\/luxury-calendar-primor-2024\\\/#breadcrumb\"},\"inLanguage\":\"pt-PT\",\"potentialAction\":[{\"@type\":\"ReadAction\",\"target\":[\"https:\\\/\\\/www.primorbox.eu\\\/producto\\\/luxury-calendar-primor-2024\\\/\"]}]},{\"@type\":\"ImageObject\",\"inLanguage\":\"pt-PT\",\"@id\":\"https:\\\/\\\/www.primorbox.eu\\\/producto\\\/luxury-calendar-primor-2024\\\/#primaryimage\",\"url\":\"https:\\\/\\\/www.primorbox.eu\\\/wp-content\\\/uploads\\\/2024\\\/10\\\/Luxury-Calendar-Primor-2024.png\",\"contentUrl\":\"https:\\\/\\\/www.primorbox.eu\\\/wp-content\\\/uploads\\\/2024\\\/10\\\/Luxury-Calendar-Primor-2024.png\",\"width\":1200,\"height\":1200},{\"@type\":\"BreadcrumbList\",\"@id\":\"https:\\\/\\\/www.primorbox.eu\\\/producto\\\/luxury-calendar-primor-2024\\\/#breadcrumb\",\"itemListElement\":[{\"@type\":\"ListItem\",\"position\":1,\"name\":\"Portada\",\"item\":\"https:\\\/\\\/www.primorbox.eu\\\/\"},{\"@type\":\"ListItem\",\"position\":2,\"name\":\"Tienda\",\"item\":\"https:\\\/\\\/www.primorbox.eu\\\/tienda\\\/\"},{\"@type\":\"ListItem\",\"position\":3,\"name\":\"Luxury Calendar Primor 2024\"}]},{\"@type\":\"WebSite\",\"@id\":\"https:\\\/\\\/www.primorbox.eu\\\/#website\",\"url\":\"https:\\\/\\\/www.primorbox.eu\\\/\",\"name\":\"Primor Box\",\"description\":\"\",\"potentialAction\":[{\"@type\":\"SearchAction\",\"target\":{\"@type\":\"EntryPoint\",\"urlTemplate\":\"https:\\\/\\\/www.primorbox.eu\\\/?s={search_term_string}\"},\"query-input\":{\"@type\":\"PropertyValueSpecification\",\"valueRequired\":true,\"valueName\":\"search_term_string\"}}],\"inLanguage\":\"pt-PT\"}]}<\/script>\n<!-- \/ Yoast SEO plugin. -->","yoast_head_json":{"title":"Luxury Calendar Primor 2024 - Primor Box","description":"\u00a1Ya est\u00e1 aqu\u00ed el primer Calendario de Adviento de Primor! Haz de la cuenta atr\u00e1s hasta Navidad una dulce espera con 24 sorpresas valoradas en m\u00e1s de 100\u20ac...","robots":{"index":"index","follow":"follow","max-snippet":"max-snippet:-1","max-image-preview":"max-image-preview:large","max-video-preview":"max-video-preview:-1"},"canonical":"https:\/\/www.primorbox.eu\/pt-pt\/produto\/calendario-luxo-primor-2024\/","og_locale":"pt_PT","og_type":"article","og_title":"Luxury Calendar Primor 2024 - Primor Box","og_description":"\u00a1Ya est\u00e1 aqu\u00ed el primer Calendario de Adviento de Primor! Haz de la cuenta atr\u00e1s hasta Navidad una dulce espera con 24 sorpresas valoradas en m\u00e1s de 100\u20ac...","og_url":"https:\/\/www.primorbox.eu\/pt-pt\/produto\/calendario-luxo-primor-2024\/","og_site_name":"Primor Box","article_modified_time":"2025-10-27T12:58:54+00:00","og_image":[{"width":1200,"height":1200,"url":"https:\/\/www.primorbox.eu\/wp-content\/uploads\/2024\/10\/Luxury-Calendar-Primor-2024.png","type":"image\/png"}],"twitter_card":"summary_large_image","twitter_misc":{"Tempo estimado de leitura":"2 minutos"},"schema":{"@context":"https:\/\/schema.org","@graph":[{"@type":"WebPage","@id":"https:\/\/www.primorbox.eu\/producto\/luxury-calendar-primor-2024\/","url":"https:\/\/www.primorbox.eu\/producto\/luxury-calendar-primor-2024\/","name":"Luxury Calendar Primor 2024 - Primor Box","isPartOf":{"@id":"https:\/\/www.primorbox.eu\/#website"},"primaryImageOfPage":{"@id":"https:\/\/www.primorbox.eu\/producto\/luxury-calendar-primor-2024\/#primaryimage"},"image":{"@id":"https:\/\/www.primorbox.eu\/producto\/luxury-calendar-primor-2024\/#primaryimage"},"thumbnailUrl":"https:\/\/www.primorbox.eu\/wp-content\/uploads\/2024\/10\/Luxury-Calendar-Primor-2024.png","datePublished":"2024-10-29T10:57:58+00:00","dateModified":"2025-10-27T12:58:54+00:00","description":"\u00a1Ya est\u00e1 aqu\u00ed el primer Calendario de Adviento de Primor! Haz de la cuenta atr\u00e1s hasta Navidad una dulce espera con 24 sorpresas valoradas en m\u00e1s de 100\u20ac...","breadcrumb":{"@id":"https:\/\/www.primorbox.eu\/producto\/luxury-calendar-primor-2024\/#breadcrumb"},"inLanguage":"pt-PT","potentialAction":[{"@type":"ReadAction","target":["https:\/\/www.primorbox.eu\/producto\/luxury-calendar-primor-2024\/"]}]},{"@type":"ImageObject","inLanguage":"pt-PT","@id":"https:\/\/www.primorbox.eu\/producto\/luxury-calendar-primor-2024\/#primaryimage","url":"https:\/\/www.primorbox.eu\/wp-content\/uploads\/2024\/10\/Luxury-Calendar-Primor-2024.png","contentUrl":"https:\/\/www.primorbox.eu\/wp-content\/uploads\/2024\/10\/Luxury-Calendar-Primor-2024.png","width":1200,"height":1200},{"@type":"BreadcrumbList","@id":"https:\/\/www.primorbox.eu\/producto\/luxury-calendar-primor-2024\/#breadcrumb","itemListElement":[{"@type":"ListItem","position":1,"name":"Portada","item":"https:\/\/www.primorbox.eu\/"},{"@type":"ListItem","position":2,"name":"Tienda","item":"https:\/\/www.primorbox.eu\/tienda\/"},{"@type":"ListItem","position":3,"name":"Luxury Calendar Primor 2024"}]},{"@type":"WebSite","@id":"https:\/\/www.primorbox.eu\/#website","url":"https:\/\/www.primorbox.eu\/","name":"Primor Box","description":"","potentialAction":[{"@type":"SearchAction","target":{"@type":"EntryPoint","urlTemplate":"https:\/\/www.primorbox.eu\/?s={search_term_string}"},"query-input":{"@type":"PropertyValueSpecification","valueRequired":true,"valueName":"search_term_string"}}],"inLanguage":"pt-PT"}]}},"_links":{"self":[{"href":"https:\/\/www.primorbox.eu\/pt-pt\/wp-json\/wp\/v2\/product\/396066","targetHints":{"allow":["GET"]}}],"collection":[{"href":"https:\/\/www.primorbox.eu\/pt-pt\/wp-json\/wp\/v2\/product"}],"about":[{"href":"https:\/\/www.primorbox.eu\/pt-pt\/wp-json\/wp\/v2\/types\/product"}],"wp:featuredmedia":[{"embeddable":true,"href":"https:\/\/www.primorbox.eu\/pt-pt\/wp-json\/wp\/v2\/media\/396085"}],"wp:attachment":[{"href":"https:\/\/www.primorbox.eu\/pt-pt\/wp-json\/wp\/v2\/media?parent=396066"}],"wp:term":[{"taxonomy":"product_brand","embeddable":true,"href":"https:\/\/www.primorbox.eu\/pt-pt\/wp-json\/wp\/v2\/product_brand?post=396066"},{"taxonomy":"product_cat","embeddable":true,"href":"https:\/\/www.primorbox.eu\/pt-pt\/wp-json\/wp\/v2\/product_cat?post=396066"},{"taxonomy":"product_tag","embeddable":true,"href":"https:\/\/www.primorbox.eu\/pt-pt\/wp-json\/wp\/v2\/product_tag?post=396066"}],"curies":[{"name":"wp","href":"https:\/\/api.w.org\/{rel}","templated":true}]}}