{"id":198821,"date":"2023-10-06T10:28:04","date_gmt":"2023-10-06T10:28:04","guid":{"rendered":"https:\/\/www.primorbox.eu\/?post_type=product&#038;p=198821"},"modified":"2026-04-10T05:17:12","modified_gmt":"2026-04-10T05:17:12","slug":"calendario-do-advento-primor","status":"publish","type":"product","link":"https:\/\/www.primorbox.eu\/pt-pt\/produto\/calendario-do-advento-primor\/","title":{"rendered":"Calend\u00e1rio do Advento da Primor 2025"},"content":{"rendered":"<p><em>SURPRISE, SURPRISE, SURPRISE!!!<\/em><\/p>\n<p>J\u00e1 chegou o t\u00e3o aguardado\u00a0<strong>Calend\u00e1rio do Advento da Primor 2025<\/strong>!<\/p>\n<p>Torna a contagem decrescente at\u00e9 ao Natal numa doce espera com o nosso super calend\u00e1rio de beleza XXL, que inclui 25 produtos. Entre eles, tamanhos de venda e minis exclusivos, com um valor aproximado superior a 100\u20ac.<\/p>\n<p>Dentro destas caixinhas vais encontrar\u00a0<strong>cosm\u00e9ticos, maquilhagem, higiene, cuidados capilares, parafarm\u00e1cia e perfumes<\/strong>\u00a0De todos os produtos, 6 ser\u00e3o revelados antecipadamente e 19 continuar\u00e3o a ser uma aut\u00eantica surpresa. O melhor presente espera por ti antes do Natal!<\/p>\n<p>Mas aten\u00e7\u00e3o: nada de batotas! Para viveres esta experi\u00eancia ao m\u00e1ximo, s\u00f3 podes abrir uma caixinha por dia, come\u00e7ando pelo n\u00famero 1.<\/p>\n<p>E para te ajudar a resistir \u00e0 tenta\u00e7\u00e3o, aqui tens uma amostra de alguns dos\u00a0<strong>produtos inclu\u00eddos no nosso calend\u00e1rio:<\/strong>:<\/p>\n<ul>\n<li>S\u00e9rum Epigenetics 15ml<\/li>\n<li>Revolution Relove Iluminador l\u00edquido Glow Up Heaven Sent <em>(tamanho de venda)<\/em><\/li>\n<li>Lamellar Shine S\u00e9rum-Creme Sem Enxaguar 200ml<\/li>\n<li>Starnight Eau de Parfum 30ml<\/li>\n<li>Cerave Lo\u00e7\u00e3o Hidratante para Rosto e Corpo 88ml<\/li>\n<li>Airblush Blush com brilho da Catrice <em>(tamanho de venda)<\/em><\/li>\n<\/ul>\n<p>Tudo isto e mais\u00a0<strong>19 surpresas \u00e0 tua espera para descobrir!<\/strong>!<\/p>\n<p>Se queres viver a magia da contagem decrescente at\u00e9 ao Natal ou procuras o presente ideal para o teu amigo secreto, o<strong>\u00a0Calend\u00e1rio do Advento da Primor<\/strong>\u00a0\u00e9 perfeito para ti.<\/p>\n<p>Lembra-te:\u00a0<strong>que as unidades s\u00e3o limitadas!<\/strong>!<\/p>","protected":false},"excerpt":{"rendered":"<p>J\u00e1 chegou o t\u00e3o aguardado\u00a0<strong>Calend\u00e1rio do Advento da Primor 2025<\/strong>! Haz que la cuenta atr\u00e1s hasta Navidad sea una dulce espera con nuestro s\u00faper calendario beauty XXL en el que encontrar\u00e1s 25 productos. \u00a1Recuerda que son\u00a0<strong>que as unidades s\u00e3o limitadas!<\/strong>!<\/p>","protected":false},"featured_media":597024,"template":"","meta":{"site-sidebar-layout":"default","site-content-layout":"default","ast-site-content-layout":"default","site-content-style":"default","site-sidebar-style":"default","ast-global-header-display":"","ast-banner-title-visibility":"","ast-main-header-display":"","ast-hfb-above-header-display":"","ast-hfb-below-header-display":"","ast-hfb-mobile-header-display":"","site-post-title":"","ast-breadcrumbs-content":"","ast-featured-img":"","footer-sml-layout":"","ast-disable-related-posts":"","theme-transparent-header-meta":"default","adv-header-id-meta":"","stick-header-meta":"","header-above-stick-meta":"","header-main-stick-meta":"","header-below-stick-meta":"","astra-migrate-meta-layouts":"set","ast-page-background-enabled":"default","ast-page-background-meta":{"desktop":{"background-color":"var(--ast-global-color-4)","background-image":"","background-repeat":"repeat","background-position":"center center","background-size":"auto","background-attachment":"scroll","background-type":"","background-media":"","overlay-type":"","overlay-color":"","overlay-opacity":"","overlay-gradient":""},"tablet":{"background-color":"","background-image":"","background-repeat":"repeat","background-position":"center center","background-size":"auto","background-attachment":"scroll","background-type":"","background-media":"","overlay-type":"","overlay-color":"","overlay-opacity":"","overlay-gradient":""},"mobile":{"background-color":"","background-image":"","background-repeat":"repeat","background-position":"center center","background-size":"auto","background-attachment":"scroll","background-type":"","background-media":"","overlay-type":"","overlay-color":"","overlay-opacity":"","overlay-gradient":""}},"ast-content-background-meta":{"desktop":{"background-color":"var(--ast-global-color-5)","background-image":"","background-repeat":"repeat","background-position":"center center","background-size":"auto","background-attachment":"scroll","background-type":"","background-media":"","overlay-type":"","overlay-color":"","overlay-opacity":"","overlay-gradient":""},"tablet":{"background-color":"var(--ast-global-color-5)","background-image":"","background-repeat":"repeat","background-position":"center center","background-size":"auto","background-attachment":"scroll","background-type":"","background-media":"","overlay-type":"","overlay-color":"","overlay-opacity":"","overlay-gradient":""},"mobile":{"background-color":"var(--ast-global-color-5)","background-image":"","background-repeat":"repeat","background-position":"center center","background-size":"auto","background-attachment":"scroll","background-type":"","background-media":"","overlay-type":"","overlay-color":"","overlay-opacity":"","overlay-gradient":""}}},"product_brand":[],"product_cat":[15],"product_tag":[],"class_list":{"0":"post-198821","1":"product","2":"type-product","3":"status-publish","4":"has-post-thumbnail","6":"product_cat-sin-categorizar","7":"desktop-align-left","8":"tablet-align-left","9":"mobile-align-left","11":"first","12":"outofstock","13":"taxable","14":"shipping-taxable","15":"purchasable","16":"product-type-simple"},"yoast_head":"<!-- This site is optimized with the Yoast SEO plugin v26.6 - https:\/\/yoast.com\/wordpress\/plugins\/seo\/ -->\n<title>Calendario Adviento Primor 2025 - Primor Box<\/title>\n<meta name=\"description\" content=\"\u00a1Ya est\u00e1 aqu\u00ed el primer Calendario de Adviento de Primor! Haz de la cuenta atr\u00e1s hasta Navidad una dulce espera con 24 sorpresas valoradas en m\u00e1s de 100\u20ac...\" \/>\n<meta name=\"robots\" content=\"index, follow, max-snippet:-1, max-image-preview:large, max-video-preview:-1\" \/>\n<link rel=\"canonical\" href=\"https:\/\/www.primorbox.eu\/pt-pt\/produto\/calendario-do-advento-primor\/\" \/>\n<meta property=\"og:locale\" content=\"pt_PT\" \/>\n<meta property=\"og:type\" content=\"article\" \/>\n<meta property=\"og:title\" content=\"Calendario Adviento Primor 2025 - Primor Box\" \/>\n<meta property=\"og:description\" content=\"\u00a1Ya est\u00e1 aqu\u00ed el primer Calendario de Adviento de Primor! Haz de la cuenta atr\u00e1s hasta Navidad una dulce espera con 24 sorpresas valoradas en m\u00e1s de 100\u20ac...\" \/>\n<meta property=\"og:url\" content=\"https:\/\/www.primorbox.eu\/pt-pt\/produto\/calendario-do-advento-primor\/\" \/>\n<meta property=\"og:site_name\" content=\"Primor Box\" \/>\n<meta property=\"article:modified_time\" content=\"2026-04-10T05:17:12+00:00\" \/>\n<meta property=\"og:image\" content=\"https:\/\/www.primorbox.eu\/wp-content\/uploads\/2023\/10\/ficha-producto-SIN-LOGOS-600X600.jpg\" \/>\n\t<meta property=\"og:image:width\" content=\"600\" \/>\n\t<meta property=\"og:image:height\" content=\"600\" \/>\n\t<meta property=\"og:image:type\" content=\"image\/jpeg\" \/>\n<meta name=\"twitter:card\" content=\"summary_large_image\" \/>\n<meta name=\"twitter:label1\" content=\"Tempo estimado de leitura\" \/>\n\t<meta name=\"twitter:data1\" content=\"2 minutos\" \/>\n<script type=\"application\/ld+json\" class=\"yoast-schema-graph\">{\"@context\":\"https:\/\/schema.org\",\"@graph\":[{\"@type\":\"WebPage\",\"@id\":\"https:\/\/www.primorbox.eu\/producto\/calendario-adviento-primor\/\",\"url\":\"https:\/\/www.primorbox.eu\/producto\/calendario-adviento-primor\/\",\"name\":\"Calendario Adviento Primor 2025 - Primor Box\",\"isPartOf\":{\"@id\":\"https:\/\/www.primorbox.eu\/#website\"},\"primaryImageOfPage\":{\"@id\":\"https:\/\/www.primorbox.eu\/producto\/calendario-adviento-primor\/#primaryimage\"},\"image\":{\"@id\":\"https:\/\/www.primorbox.eu\/producto\/calendario-adviento-primor\/#primaryimage\"},\"thumbnailUrl\":\"https:\/\/www.primorbox.eu\/wp-content\/uploads\/2023\/10\/ficha-producto-SIN-LOGOS-600X600.jpg\",\"datePublished\":\"2023-10-06T10:28:04+00:00\",\"dateModified\":\"2026-04-10T05:17:12+00:00\",\"description\":\"\u00a1Ya est\u00e1 aqu\u00ed el primer Calendario de Adviento de Primor! Haz de la cuenta atr\u00e1s hasta Navidad una dulce espera con 24 sorpresas valoradas en m\u00e1s de 100\u20ac...\",\"breadcrumb\":{\"@id\":\"https:\/\/www.primorbox.eu\/producto\/calendario-adviento-primor\/#breadcrumb\"},\"inLanguage\":\"pt-PT\",\"potentialAction\":[{\"@type\":\"ReadAction\",\"target\":[\"https:\/\/www.primorbox.eu\/producto\/calendario-adviento-primor\/\"]}]},{\"@type\":\"ImageObject\",\"inLanguage\":\"pt-PT\",\"@id\":\"https:\/\/www.primorbox.eu\/producto\/calendario-adviento-primor\/#primaryimage\",\"url\":\"https:\/\/www.primorbox.eu\/wp-content\/uploads\/2023\/10\/ficha-producto-SIN-LOGOS-600X600.jpg\",\"contentUrl\":\"https:\/\/www.primorbox.eu\/wp-content\/uploads\/2023\/10\/ficha-producto-SIN-LOGOS-600X600.jpg\",\"width\":600,\"height\":600},{\"@type\":\"BreadcrumbList\",\"@id\":\"https:\/\/www.primorbox.eu\/producto\/calendario-adviento-primor\/#breadcrumb\",\"itemListElement\":[{\"@type\":\"ListItem\",\"position\":1,\"name\":\"Portada\",\"item\":\"https:\/\/www.primorbox.eu\/\"},{\"@type\":\"ListItem\",\"position\":2,\"name\":\"Tienda\",\"item\":\"https:\/\/www.primorbox.eu\/tienda\/\"},{\"@type\":\"ListItem\",\"position\":3,\"name\":\"Calendario Adviento Primor 2025\"}]},{\"@type\":\"WebSite\",\"@id\":\"https:\/\/www.primorbox.eu\/#website\",\"url\":\"https:\/\/www.primorbox.eu\/\",\"name\":\"Primor Box\",\"description\":\"\",\"potentialAction\":[{\"@type\":\"SearchAction\",\"target\":{\"@type\":\"EntryPoint\",\"urlTemplate\":\"https:\/\/www.primorbox.eu\/?s={search_term_string}\"},\"query-input\":{\"@type\":\"PropertyValueSpecification\",\"valueRequired\":true,\"valueName\":\"search_term_string\"}}],\"inLanguage\":\"pt-PT\"}]}<\/script>\n<!-- \/ Yoast SEO plugin. -->","yoast_head_json":{"title":"Calendario Adviento Primor 2025 - Primor Box","description":"\u00a1Ya est\u00e1 aqu\u00ed el primer Calendario de Adviento de Primor! Haz de la cuenta atr\u00e1s hasta Navidad una dulce espera con 24 sorpresas valoradas en m\u00e1s de 100\u20ac...","robots":{"index":"index","follow":"follow","max-snippet":"max-snippet:-1","max-image-preview":"max-image-preview:large","max-video-preview":"max-video-preview:-1"},"canonical":"https:\/\/www.primorbox.eu\/pt-pt\/produto\/calendario-do-advento-primor\/","og_locale":"pt_PT","og_type":"article","og_title":"Calendario Adviento Primor 2025 - Primor Box","og_description":"\u00a1Ya est\u00e1 aqu\u00ed el primer Calendario de Adviento de Primor! Haz de la cuenta atr\u00e1s hasta Navidad una dulce espera con 24 sorpresas valoradas en m\u00e1s de 100\u20ac...","og_url":"https:\/\/www.primorbox.eu\/pt-pt\/produto\/calendario-do-advento-primor\/","og_site_name":"Primor Box","article_modified_time":"2026-04-10T05:17:12+00:00","og_image":[{"width":600,"height":600,"url":"https:\/\/www.primorbox.eu\/wp-content\/uploads\/2023\/10\/ficha-producto-SIN-LOGOS-600X600.jpg","type":"image\/jpeg"}],"twitter_card":"summary_large_image","twitter_misc":{"Tempo estimado de leitura":"2 minutos"},"schema":{"@context":"https:\/\/schema.org","@graph":[{"@type":"WebPage","@id":"https:\/\/www.primorbox.eu\/producto\/calendario-adviento-primor\/","url":"https:\/\/www.primorbox.eu\/producto\/calendario-adviento-primor\/","name":"Calendario Adviento Primor 2025 - Primor Box","isPartOf":{"@id":"https:\/\/www.primorbox.eu\/#website"},"primaryImageOfPage":{"@id":"https:\/\/www.primorbox.eu\/producto\/calendario-adviento-primor\/#primaryimage"},"image":{"@id":"https:\/\/www.primorbox.eu\/producto\/calendario-adviento-primor\/#primaryimage"},"thumbnailUrl":"https:\/\/www.primorbox.eu\/wp-content\/uploads\/2023\/10\/ficha-producto-SIN-LOGOS-600X600.jpg","datePublished":"2023-10-06T10:28:04+00:00","dateModified":"2026-04-10T05:17:12+00:00","description":"\u00a1Ya est\u00e1 aqu\u00ed el primer Calendario de Adviento de Primor! Haz de la cuenta atr\u00e1s hasta Navidad una dulce espera con 24 sorpresas valoradas en m\u00e1s de 100\u20ac...","breadcrumb":{"@id":"https:\/\/www.primorbox.eu\/producto\/calendario-adviento-primor\/#breadcrumb"},"inLanguage":"pt-PT","potentialAction":[{"@type":"ReadAction","target":["https:\/\/www.primorbox.eu\/producto\/calendario-adviento-primor\/"]}]},{"@type":"ImageObject","inLanguage":"pt-PT","@id":"https:\/\/www.primorbox.eu\/producto\/calendario-adviento-primor\/#primaryimage","url":"https:\/\/www.primorbox.eu\/wp-content\/uploads\/2023\/10\/ficha-producto-SIN-LOGOS-600X600.jpg","contentUrl":"https:\/\/www.primorbox.eu\/wp-content\/uploads\/2023\/10\/ficha-producto-SIN-LOGOS-600X600.jpg","width":600,"height":600},{"@type":"BreadcrumbList","@id":"https:\/\/www.primorbox.eu\/producto\/calendario-adviento-primor\/#breadcrumb","itemListElement":[{"@type":"ListItem","position":1,"name":"Portada","item":"https:\/\/www.primorbox.eu\/"},{"@type":"ListItem","position":2,"name":"Tienda","item":"https:\/\/www.primorbox.eu\/tienda\/"},{"@type":"ListItem","position":3,"name":"Calendario Adviento Primor 2025"}]},{"@type":"WebSite","@id":"https:\/\/www.primorbox.eu\/#website","url":"https:\/\/www.primorbox.eu\/","name":"Primor Box","description":"","potentialAction":[{"@type":"SearchAction","target":{"@type":"EntryPoint","urlTemplate":"https:\/\/www.primorbox.eu\/?s={search_term_string}"},"query-input":{"@type":"PropertyValueSpecification","valueRequired":true,"valueName":"search_term_string"}}],"inLanguage":"pt-PT"}]}},"_links":{"self":[{"href":"https:\/\/www.primorbox.eu\/pt-pt\/wp-json\/wp\/v2\/product\/198821","targetHints":{"allow":["GET"]}}],"collection":[{"href":"https:\/\/www.primorbox.eu\/pt-pt\/wp-json\/wp\/v2\/product"}],"about":[{"href":"https:\/\/www.primorbox.eu\/pt-pt\/wp-json\/wp\/v2\/types\/product"}],"wp:featuredmedia":[{"embeddable":true,"href":"https:\/\/www.primorbox.eu\/pt-pt\/wp-json\/wp\/v2\/media\/597024"}],"wp:attachment":[{"href":"https:\/\/www.primorbox.eu\/pt-pt\/wp-json\/wp\/v2\/media?parent=198821"}],"wp:term":[{"taxonomy":"product_brand","embeddable":true,"href":"https:\/\/www.primorbox.eu\/pt-pt\/wp-json\/wp\/v2\/product_brand?post=198821"},{"taxonomy":"product_cat","embeddable":true,"href":"https:\/\/www.primorbox.eu\/pt-pt\/wp-json\/wp\/v2\/product_cat?post=198821"},{"taxonomy":"product_tag","embeddable":true,"href":"https:\/\/www.primorbox.eu\/pt-pt\/wp-json\/wp\/v2\/product_tag?post=198821"}],"curies":[{"name":"wp","href":"https:\/\/api.w.org\/{rel}","templated":true}]}}