{"id":777,"date":"2021-12-03T15:32:23","date_gmt":"2021-12-03T15:32:23","guid":{"rendered":"https:\/\/www.primorbox.eu\/?page_id=777"},"modified":"2021-12-30T17:59:51","modified_gmt":"2021-12-30T17:59:51","slug":"politica-de-cookies","status":"publish","type":"page","link":"https:\/\/www.primorbox.eu\/pt-pt\/politica-de-cookies\/","title":{"rendered":"Pol\u00edtica de COOKIE"},"content":{"rendered":"<div data-elementor-type=\"wp-page\" data-elementor-id=\"777\" class=\"elementor elementor-777\" data-elementor-post-type=\"page\">\n\t\t\t\t\t\t<section class=\"elementor-section elementor-top-section elementor-element elementor-element-061b0ad elementor-section-boxed elementor-section-height-default elementor-section-height-default\" data-id=\"061b0ad\" data-element_type=\"section\">\n\t\t\t\t\t\t<div class=\"elementor-container elementor-column-gap-default\">\n\t\t\t\t\t<div class=\"elementor-column elementor-col-100 elementor-top-column elementor-element elementor-element-fb9fda6\" data-id=\"fb9fda6\" data-element_type=\"column\">\n\t\t\t<div class=\"elementor-widget-wrap elementor-element-populated\">\n\t\t\t\t\t\t<div class=\"elementor-element elementor-element-05490ae elementor-widget elementor-widget-text-editor\" data-id=\"05490ae\" data-element_type=\"widget\" data-widget_type=\"text-editor.default\">\n\t\t\t\t<div class=\"elementor-widget-container\">\n\t\t\t\t\t\t\t\t\t<h2>Pol\u00edtica de COOKIE<\/h2>\t\t\t\t\t\t\t\t<\/div>\n\t\t\t\t<\/div>\n\t\t\t\t\t<\/div>\n\t\t<\/div>\n\t\t\t\t\t<\/div>\n\t\t<\/section>\n\t\t\t\t<section class=\"elementor-section elementor-top-section elementor-element elementor-element-a17e4a3 elementor-section-boxed elementor-section-height-default elementor-section-height-default\" data-id=\"a17e4a3\" data-element_type=\"section\">\n\t\t\t\t\t\t<div class=\"elementor-container elementor-column-gap-default\">\n\t\t\t\t\t<div class=\"elementor-column elementor-col-100 elementor-top-column elementor-element elementor-element-2b7b028\" data-id=\"2b7b028\" data-element_type=\"column\">\n\t\t\t<div class=\"elementor-widget-wrap elementor-element-populated\">\n\t\t\t\t\t\t<div class=\"elementor-element elementor-element-10d2c72 elementor-widget elementor-widget-text-editor\" data-id=\"10d2c72\" data-element_type=\"widget\" data-widget_type=\"text-editor.default\">\n\t\t\t\t<div class=\"elementor-widget-container\">\n\t\t\t\t\t\t\t\t\t<p><strong>GOOGLE COOKIES ANAL\u00cdTICOS<\/strong><br \/><br \/><\/p><p class=\"translation-block\">Utilizamos los servicios de Google Analytics, una herramienta de an\u00e1lisis web gestionada por Google, prestador de servicios situado en Estados Unidos, pa\u00eds que no goza de un nivel de privacidad equivalente al europeo. Por ello, en este caso las transferencias internacionales a Google se hallan amparadas mediante las correspondientes Cl\u00e1usulas Contractuales Tipo aprobadas por la Comisi\u00f3n Europea. Para m\u00e1s informaci\u00f3n sobre el uso de datos de car\u00e1cter personal de los servicios de Google Analytics, puedes <a href=\"https:\/\/support.google.com\/analytics\/answer\/6004245?hl=es#zippy=identificadores-y-cookies-de-google-analytics\" target=\"_blank\" rel=\"noopener\">acceder&nbsp;<\/a><a href=\"https:\/\/support.google.com\/analytics\/answer\/6004245?hl=es#zippy=identificadores-y-cookies-de-google-analytics\" target=\"_blank\" rel=\"noopener\">aqu\u00ed<\/a>.<br><br><\/p><table class=\"aligncenter\" cellspacing=\"0\" cellpadding=\"0\"><tbody><tr><td><b>Cookie<\/b><\/td><td><b>Tipo<\/b><\/td><td><b>Fornecedor<\/b><\/td><td><b>Objectivo<\/b><\/td><td><b>Dura\u00e7\u00e3o<\/b><\/td><td><b>Fun\u00e7\u00e3o<\/b><\/td><\/tr><tr><td>_gat<\/td><td>Cookie de terceiros<\/td><td>Google Analytics<\/td><td>An\u00e1lise ou medi\u00e7\u00e3o<\/td><td>1 minuto<\/td><td>Utilizado para limitar a percentagem de pedidos. Cont\u00e9m um identificador para diferenciar entre os diferentes objectos de rastreio criados na sess\u00e3o.<\/td><\/tr><tr><td>_gid<\/td><td>Cookie de terceiros<\/td><td>Google Analytics)<\/td><td>An\u00e1lise ou medi\u00e7\u00e3o<\/td><td>2 anos e 1 d\u00eda<\/td><td>Utilizado para distinguir os utilizadores.<\/td><\/tr><\/tbody><\/table>\t\t\t\t\t\t\t\t<\/div>\n\t\t\t\t<\/div>\n\t\t\t\t\t<\/div>\n\t\t<\/div>\n\t\t\t\t\t<\/div>\n\t\t<\/section>\n\t\t\t\t<section class=\"elementor-section elementor-top-section elementor-element elementor-element-54439e4 elementor-section-boxed elementor-section-height-default elementor-section-height-default\" data-id=\"54439e4\" data-element_type=\"section\">\n\t\t\t\t\t\t<div class=\"elementor-container elementor-column-gap-default\">\n\t\t\t\t\t<div class=\"elementor-column elementor-col-100 elementor-top-column elementor-element elementor-element-10624b2\" data-id=\"10624b2\" data-element_type=\"column\">\n\t\t\t<div class=\"elementor-widget-wrap elementor-element-populated\">\n\t\t\t\t\t\t<div class=\"elementor-element elementor-element-287712d elementor-widget elementor-widget-text-editor\" data-id=\"287712d\" data-element_type=\"widget\" data-widget_type=\"text-editor.default\">\n\t\t\t\t<div class=\"elementor-widget-container\">\n\t\t\t\t\t\t\t\t\t<p><strong>COMO DEFINIR AS PREFER\u00caNCIAS DE PRIVACIDADE DOS COOKIES DO SEU NAVEGADOR<\/strong><\/p><p>Pode permitir, bloquear ou eliminar cookies no browser que utiliza. As liga\u00e7\u00f5es seguintes fornecem informa\u00e7\u00f5es sobre como configurar cookies em navegadores comuns:<\/p><p><a href=\"https:\/\/support.google.com\/accounts\/answer\/61416?co=GENIE.Platform=Desktop&amp;hl=es\" target=\"_blank\" rel=\"noopener\">Google Chrome<\/a><br \/><a href=\"https:\/\/support.mozilla.org\/es\/kb\/habilitar-y-deshabilitar-cookies-sitios-web-rastrear-preferencias\" target=\"_blank\" rel=\"noopener\">Mozilla Firefox<\/a><br \/><a href=\"https:\/\/support.microsoft.com\/es-es\/windows\/eliminar-y-administrar-cookies-168dab11-0753-043d-7c16-ede5947fc64d\" target=\"_blank\" rel=\"noopener\">Microsoft Edge<\/a><br \/><a href=\"https:\/\/support.apple.com\/es-es\/guide\/safari\/sfri11471\/mac\" target=\"_blank\" rel=\"noopener\">Ambiente de trabalho Safari<\/a><br \/><a href=\"https:\/\/support.apple.com\/es-es\/HT201265\" target=\"_blank\" rel=\"noopener\">Safari<\/a><br \/><a href=\"https:\/\/support.google.com\/accounts\/answer\/61416?co=GENIE.Platform=Android&amp;hl=es\" target=\"_blank\" rel=\"noopener\">Chrome para Android<\/a><\/p><p>Note que algumas caracter\u00edsticas do conte\u00fado das nossas plataformas s\u00f3 est\u00e3o dispon\u00edveis se permitir a instala\u00e7\u00e3o de Cookies no seu navegador. Se optar por n\u00e3o aceitar ou bloquear certos cookies, isto pode afectar o funcionamento normal do website ou impedir o acesso a algumas caracter\u00edsticas do website ou a outros websites de terceiros.<br><br><br><br><br><br><\/p>\t\t\t\t\t\t\t\t<\/div>\n\t\t\t\t<\/div>\n\t\t\t\t\t<\/div>\n\t\t<\/div>\n\t\t\t\t\t<\/div>\n\t\t<\/section>\n\t\t\t\t<\/div>","protected":false},"excerpt":{"rendered":"<p>Pol\u00edtica de cookies COOKIES DE GOOGLE ANALYTICS Utilizamos los servicios de Google Analytics, una herramienta de an\u00e1lisis web gestionada por Google, prestador de servicios situado en Estados Unidos, pa\u00eds que no goza de un nivel de privacidad equivalente al europeo. Por ello, en este caso las transferencias internacionales a Google se hallan amparadas mediante las [&hellip;]<\/p>","protected":false},"author":1,"featured_media":0,"parent":0,"menu_order":0,"comment_status":"closed","ping_status":"closed","template":"elementor_header_footer","meta":{"site-sidebar-layout":"no-sidebar","site-content-layout":"page-builder","ast-site-content-layout":"default","site-content-style":"default","site-sidebar-style":"default","ast-global-header-display":"","ast-banner-title-visibility":"","ast-main-header-display":"","ast-hfb-above-header-display":"","ast-hfb-below-header-display":"","ast-hfb-mobile-header-display":"","site-post-title":"disabled","ast-breadcrumbs-content":"","ast-featured-img":"disabled","footer-sml-layout":"","ast-disable-related-posts":"","theme-transparent-header-meta":"","adv-header-id-meta":"","stick-header-meta":"","header-above-stick-meta":"","header-main-stick-meta":"","header-below-stick-meta":"","astra-migrate-meta-layouts":"default","ast-page-background-enabled":"default","ast-page-background-meta":{"desktop":{"background-color":"var(--ast-global-color-4)","background-image":"","background-repeat":"repeat","background-position":"center center","background-size":"auto","background-attachment":"scroll","background-type":"","background-media":"","overlay-type":"","overlay-color":"","overlay-opacity":"","overlay-gradient":""},"tablet":{"background-color":"","background-image":"","background-repeat":"repeat","background-position":"center center","background-size":"auto","background-attachment":"scroll","background-type":"","background-media":"","overlay-type":"","overlay-color":"","overlay-opacity":"","overlay-gradient":""},"mobile":{"background-color":"","background-image":"","background-repeat":"repeat","background-position":"center center","background-size":"auto","background-attachment":"scroll","background-type":"","background-media":"","overlay-type":"","overlay-color":"","overlay-opacity":"","overlay-gradient":""}},"ast-content-background-meta":{"desktop":{"background-color":"var(--ast-global-color-5)","background-image":"","background-repeat":"repeat","background-position":"center center","background-size":"auto","background-attachment":"scroll","background-type":"","background-media":"","overlay-type":"","overlay-color":"","overlay-opacity":"","overlay-gradient":""},"tablet":{"background-color":"var(--ast-global-color-5)","background-image":"","background-repeat":"repeat","background-position":"center center","background-size":"auto","background-attachment":"scroll","background-type":"","background-media":"","overlay-type":"","overlay-color":"","overlay-opacity":"","overlay-gradient":""},"mobile":{"background-color":"var(--ast-global-color-5)","background-image":"","background-repeat":"repeat","background-position":"center center","background-size":"auto","background-attachment":"scroll","background-type":"","background-media":"","overlay-type":"","overlay-color":"","overlay-opacity":"","overlay-gradient":""}},"footnotes":""},"class_list":["post-777","page","type-page","status-publish","hentry"],"yoast_head":"<!-- This site is optimized with the Yoast SEO plugin v26.6 - https:\/\/yoast.com\/wordpress\/plugins\/seo\/ -->\n<title>Pol\u00edtica de cookies - Primor Box<\/title>\n<meta name=\"robots\" content=\"index, follow, max-snippet:-1, max-image-preview:large, max-video-preview:-1\" \/>\n<link rel=\"canonical\" href=\"https:\/\/www.primorbox.eu\/pt-pt\/politica-de-cookies\/\" \/>\n<meta property=\"og:locale\" content=\"pt_PT\" \/>\n<meta property=\"og:type\" content=\"article\" \/>\n<meta property=\"og:title\" content=\"Pol\u00edtica de cookies - Primor Box\" \/>\n<meta property=\"og:description\" content=\"Pol\u00edtica de cookies COOKIES DE GOOGLE ANALYTICS Utilizamos los servicios de Google Analytics, una herramienta de an\u00e1lisis web gestionada por Google, prestador de servicios situado en Estados Unidos, pa\u00eds que no goza de un nivel de privacidad equivalente al europeo. Por ello, en este caso las transferencias internacionales a Google se hallan amparadas mediante las [&hellip;]\" \/>\n<meta property=\"og:url\" content=\"https:\/\/www.primorbox.eu\/pt-pt\/politica-de-cookies\/\" \/>\n<meta property=\"og:site_name\" content=\"Primor Box\" \/>\n<meta property=\"article:modified_time\" content=\"2021-12-30T17:59:51+00:00\" \/>\n<meta name=\"twitter:card\" content=\"summary_large_image\" \/>\n<meta name=\"twitter:label1\" content=\"Tempo estimado de leitura\" \/>\n\t<meta name=\"twitter:data1\" content=\"1 minuto\" \/>\n<script type=\"application\/ld+json\" class=\"yoast-schema-graph\">{\"@context\":\"https:\/\/schema.org\",\"@graph\":[{\"@type\":\"WebPage\",\"@id\":\"https:\/\/www.primorbox.eu\/politica-de-cookies\/\",\"url\":\"https:\/\/www.primorbox.eu\/politica-de-cookies\/\",\"name\":\"Pol\u00edtica de cookies - Primor Box\",\"isPartOf\":{\"@id\":\"https:\/\/www.primorbox.eu\/#website\"},\"datePublished\":\"2021-12-03T15:32:23+00:00\",\"dateModified\":\"2021-12-30T17:59:51+00:00\",\"breadcrumb\":{\"@id\":\"https:\/\/www.primorbox.eu\/politica-de-cookies\/#breadcrumb\"},\"inLanguage\":\"pt-PT\",\"potentialAction\":[{\"@type\":\"ReadAction\",\"target\":[\"https:\/\/www.primorbox.eu\/politica-de-cookies\/\"]}]},{\"@type\":\"BreadcrumbList\",\"@id\":\"https:\/\/www.primorbox.eu\/politica-de-cookies\/#breadcrumb\",\"itemListElement\":[{\"@type\":\"ListItem\",\"position\":1,\"name\":\"Portada\",\"item\":\"https:\/\/www.primorbox.eu\/\"},{\"@type\":\"ListItem\",\"position\":2,\"name\":\"Pol\u00edtica de cookies\"}]},{\"@type\":\"WebSite\",\"@id\":\"https:\/\/www.primorbox.eu\/#website\",\"url\":\"https:\/\/www.primorbox.eu\/\",\"name\":\"Primor Box\",\"description\":\"\",\"potentialAction\":[{\"@type\":\"SearchAction\",\"target\":{\"@type\":\"EntryPoint\",\"urlTemplate\":\"https:\/\/www.primorbox.eu\/?s={search_term_string}\"},\"query-input\":{\"@type\":\"PropertyValueSpecification\",\"valueRequired\":true,\"valueName\":\"search_term_string\"}}],\"inLanguage\":\"pt-PT\"}]}<\/script>\n<!-- \/ Yoast SEO plugin. -->","yoast_head_json":{"title":"Pol\u00edtica de cookies - Primor Box","robots":{"index":"index","follow":"follow","max-snippet":"max-snippet:-1","max-image-preview":"max-image-preview:large","max-video-preview":"max-video-preview:-1"},"canonical":"https:\/\/www.primorbox.eu\/pt-pt\/politica-de-cookies\/","og_locale":"pt_PT","og_type":"article","og_title":"Pol\u00edtica de cookies - Primor Box","og_description":"Pol\u00edtica de cookies COOKIES DE GOOGLE ANALYTICS Utilizamos los servicios de Google Analytics, una herramienta de an\u00e1lisis web gestionada por Google, prestador de servicios situado en Estados Unidos, pa\u00eds que no goza de un nivel de privacidad equivalente al europeo. Por ello, en este caso las transferencias internacionales a Google se hallan amparadas mediante las [&hellip;]","og_url":"https:\/\/www.primorbox.eu\/pt-pt\/politica-de-cookies\/","og_site_name":"Primor Box","article_modified_time":"2021-12-30T17:59:51+00:00","twitter_card":"summary_large_image","twitter_misc":{"Tempo estimado de leitura":"1 minuto"},"schema":{"@context":"https:\/\/schema.org","@graph":[{"@type":"WebPage","@id":"https:\/\/www.primorbox.eu\/politica-de-cookies\/","url":"https:\/\/www.primorbox.eu\/politica-de-cookies\/","name":"Pol\u00edtica de cookies - Primor Box","isPartOf":{"@id":"https:\/\/www.primorbox.eu\/#website"},"datePublished":"2021-12-03T15:32:23+00:00","dateModified":"2021-12-30T17:59:51+00:00","breadcrumb":{"@id":"https:\/\/www.primorbox.eu\/politica-de-cookies\/#breadcrumb"},"inLanguage":"pt-PT","potentialAction":[{"@type":"ReadAction","target":["https:\/\/www.primorbox.eu\/politica-de-cookies\/"]}]},{"@type":"BreadcrumbList","@id":"https:\/\/www.primorbox.eu\/politica-de-cookies\/#breadcrumb","itemListElement":[{"@type":"ListItem","position":1,"name":"Portada","item":"https:\/\/www.primorbox.eu\/"},{"@type":"ListItem","position":2,"name":"Pol\u00edtica de cookies"}]},{"@type":"WebSite","@id":"https:\/\/www.primorbox.eu\/#website","url":"https:\/\/www.primorbox.eu\/","name":"Primor Box","description":"","potentialAction":[{"@type":"SearchAction","target":{"@type":"EntryPoint","urlTemplate":"https:\/\/www.primorbox.eu\/?s={search_term_string}"},"query-input":{"@type":"PropertyValueSpecification","valueRequired":true,"valueName":"search_term_string"}}],"inLanguage":"pt-PT"}]}},"_links":{"self":[{"href":"https:\/\/www.primorbox.eu\/pt-pt\/wp-json\/wp\/v2\/pages\/777","targetHints":{"allow":["GET"]}}],"collection":[{"href":"https:\/\/www.primorbox.eu\/pt-pt\/wp-json\/wp\/v2\/pages"}],"about":[{"href":"https:\/\/www.primorbox.eu\/pt-pt\/wp-json\/wp\/v2\/types\/page"}],"author":[{"embeddable":true,"href":"https:\/\/www.primorbox.eu\/pt-pt\/wp-json\/wp\/v2\/users\/1"}],"replies":[{"embeddable":true,"href":"https:\/\/www.primorbox.eu\/pt-pt\/wp-json\/wp\/v2\/comments?post=777"}],"version-history":[{"count":25,"href":"https:\/\/www.primorbox.eu\/pt-pt\/wp-json\/wp\/v2\/pages\/777\/revisions"}],"predecessor-version":[{"id":931,"href":"https:\/\/www.primorbox.eu\/pt-pt\/wp-json\/wp\/v2\/pages\/777\/revisions\/931"}],"wp:attachment":[{"href":"https:\/\/www.primorbox.eu\/pt-pt\/wp-json\/wp\/v2\/media?parent=777"}],"curies":[{"name":"wp","href":"https:\/\/api.w.org\/{rel}","templated":true}]}}