{"id":7727,"date":"2021-12-30T16:49:06","date_gmt":"2021-12-30T16:49:06","guid":{"rendered":"https:\/\/www.primorbox.eu\/?page_id=7727"},"modified":"2021-12-30T18:03:17","modified_gmt":"2021-12-30T18:03:17","slug":"condicoes-do-sorteio-primor-box","status":"publish","type":"page","link":"https:\/\/www.primorbox.eu\/pt-pt\/condicoes-do-sorteio-primor-box\/","title":{"rendered":"Condi\u00e7\u00f5es Sorteio Caixa Primor"},"content":{"rendered":"<div data-elementor-type=\"wp-page\" data-elementor-id=\"7727\" class=\"elementor elementor-7727\" data-elementor-post-type=\"page\">\n\t\t\t\t\t\t<section class=\"elementor-section elementor-top-section elementor-element elementor-element-061b0ad elementor-section-boxed elementor-section-height-default elementor-section-height-default\" data-id=\"061b0ad\" data-element_type=\"section\" data-e-type=\"section\">\n\t\t\t\t\t\t<div class=\"elementor-container elementor-column-gap-default\">\n\t\t\t\t\t<div class=\"elementor-column elementor-col-100 elementor-top-column elementor-element elementor-element-fb9fda6\" data-id=\"fb9fda6\" data-element_type=\"column\" data-e-type=\"column\">\n\t\t\t<div class=\"elementor-widget-wrap elementor-element-populated\">\n\t\t\t\t\t\t<div class=\"elementor-element elementor-element-05490ae elementor-widget elementor-widget-text-editor\" data-id=\"05490ae\" data-element_type=\"widget\" data-e-type=\"widget\" data-widget_type=\"text-editor.default\">\n\t\t\t\t<div class=\"elementor-widget-container\">\n\t\t\t\t\t\t\t\t\t<h2 style=\"font-style: normal;\">Condi\u00e7\u00f5es Sorteio Caixa Primor<\/h2>\t\t\t\t\t\t\t\t<\/div>\n\t\t\t\t<\/div>\n\t\t\t\t\t<\/div>\n\t\t<\/div>\n\t\t\t\t\t<\/div>\n\t\t<\/section>\n\t\t\t\t<section class=\"elementor-section elementor-top-section elementor-element elementor-element-a17e4a3 elementor-section-boxed elementor-section-height-default elementor-section-height-default\" data-id=\"a17e4a3\" data-element_type=\"section\" data-e-type=\"section\">\n\t\t\t\t\t\t<div class=\"elementor-container elementor-column-gap-default\">\n\t\t\t\t\t<div class=\"elementor-column elementor-col-100 elementor-top-column elementor-element elementor-element-2b7b028\" data-id=\"2b7b028\" data-element_type=\"column\" data-e-type=\"column\">\n\t\t\t<div class=\"elementor-widget-wrap elementor-element-populated\">\n\t\t\t\t\t\t<div class=\"elementor-element elementor-element-10d2c72 elementor-widget elementor-widget-text-editor\" data-id=\"10d2c72\" data-element_type=\"widget\" data-e-type=\"widget\" data-widget_type=\"text-editor.default\">\n\t\t\t\t<div class=\"elementor-widget-container\">\n\t\t\t\t\t\t\t\t\t<p><b>Caixa Sorteo Primor<\/b><\/p><p>Se pretende ganhar o sorteio de uma tarjeta oferta digital no valor de 50\u20ac, siga as instru\u00e7\u00f5es que desejamos continuar:<\/p><p><b>Quem pode participar?<\/b><\/p><p class=\"translation-block\">Pode participar todas as pessoas com uma inscri\u00e7\u00e3o na Primor Box que desejar, atrav\u00e9s do formul\u00e1rio \u2013 consulta localizada em <a href=\"https:\/\/www.primorbox.eu\/pt-pt\/encuesta\/\" target=\"_self\">https:\/\/www.Primorbox.eu\/encuesta\/<\/a> que reside em Espanha (pen\u00ednsula e ilhas).<\/p><p><b>Como pode participar?<\/b><\/p><p>Para participar no sorteio tem que:<\/p><p>-Complete a pergunta.<\/p><p>-Introduza o e-mail com o que subscreveu na Primor Box.<\/p><p>Os participantes que n\u00e3o cumpram os requisitos anteriores n\u00e3o entrar\u00e3o no sorteio.<\/p><p><b>Dura\u00e7\u00e3o do sorteio:<\/b><\/p><p>Pode participar no sorteio mensal at\u00e9 ao dia 14 de cada m\u00eas \u00e0s 23h59 (GMT+2). Qualquer participa\u00e7\u00e3o ap\u00f3s a data indicada n\u00e3o ser\u00e1 contemplada no sorteio.<\/p><p><b>Escolha do vencedor:<\/b><\/p><p>Entre as pessoas que cumpram os requisitos, eleger\u00e1 um vencedor, que comunicaremos o pr\u00e9mio atrav\u00e9s do correio eletr\u00f3nico que nos for facilitado e que coincida com o seu e-mail de inscri\u00e7\u00e3o.<\/p><p>Caso n\u00e3o recebamos uma acusa\u00e7\u00e3o de resposta num prazo de 48 horas, ser\u00e1 necess\u00e1rio realizar um novo sorteio para a escolha de um novo vencedor.<\/p><p><b>E o pr\u00e9mio?<\/b><\/p><p>O vencedor receber\u00e1 uma tarjeta oferta digital no valor de 50\u20ac.<\/p><p>Muita sorte!<\/p>\t\t\t\t\t\t\t\t<\/div>\n\t\t\t\t<\/div>\n\t\t\t\t\t<\/div>\n\t\t<\/div>\n\t\t\t\t\t<\/div>\n\t\t<\/section>\n\t\t\t\t<section class=\"elementor-section elementor-top-section elementor-element elementor-element-0ac5181 elementor-section-boxed elementor-section-height-default elementor-section-height-default\" data-id=\"0ac5181\" data-element_type=\"section\" data-e-type=\"section\">\n\t\t\t\t\t\t<div class=\"elementor-container elementor-column-gap-default\">\n\t\t\t\t\t<div class=\"elementor-column elementor-col-100 elementor-top-column elementor-element elementor-element-fc05b13\" data-id=\"fc05b13\" data-element_type=\"column\" data-e-type=\"column\">\n\t\t\t<div class=\"elementor-widget-wrap elementor-element-populated\">\n\t\t\t\t\t\t<div class=\"elementor-element elementor-element-fb53aa8 elementor-widget elementor-widget-spacer\" data-id=\"fb53aa8\" data-element_type=\"widget\" data-e-type=\"widget\" data-widget_type=\"spacer.default\">\n\t\t\t\t<div class=\"elementor-widget-container\">\n\t\t\t\t\t\t\t<div class=\"elementor-spacer\">\n\t\t\t<div class=\"elementor-spacer-inner\"><\/div>\n\t\t<\/div>\n\t\t\t\t\t\t<\/div>\n\t\t\t\t<\/div>\n\t\t\t\t\t<\/div>\n\t\t<\/div>\n\t\t\t\t\t<\/div>\n\t\t<\/section>\n\t\t\t\t<\/div>","protected":false},"excerpt":{"rendered":"<p>Condiciones Sorteo Primor Box Sorteo Primor Box Si quieres ser el ganador del sorteo de una tarjeta regalo digital por valor de 50\u20ac, sigue las instrucciones que te dejamos a continuaci\u00f3n: \u00bfQui\u00e9n puede participar? Podr\u00e1n participar todas las personas con una suscripci\u00f3n a Primor Box que lo deseen, a trav\u00e9s del formulario &#8211; encuesta ubicado [&hellip;]<\/p>\n","protected":false},"author":1,"featured_media":0,"parent":0,"menu_order":0,"comment_status":"closed","ping_status":"closed","template":"","meta":{"site-sidebar-layout":"no-sidebar","site-content-layout":"page-builder","ast-site-content-layout":"default","site-content-style":"default","site-sidebar-style":"default","ast-global-header-display":"","ast-banner-title-visibility":"","ast-main-header-display":"","ast-hfb-above-header-display":"","ast-hfb-below-header-display":"","ast-hfb-mobile-header-display":"","site-post-title":"disabled","ast-breadcrumbs-content":"","ast-featured-img":"disabled","footer-sml-layout":"","ast-disable-related-posts":"","theme-transparent-header-meta":"","adv-header-id-meta":"","stick-header-meta":"","header-above-stick-meta":"","header-main-stick-meta":"","header-below-stick-meta":"","astra-migrate-meta-layouts":"default","ast-page-background-enabled":"default","ast-page-background-meta":{"desktop":{"background-color":"var(--ast-global-color-4)","background-image":"","background-repeat":"repeat","background-position":"center center","background-size":"auto","background-attachment":"scroll","background-type":"","background-media":"","overlay-type":"","overlay-color":"","overlay-opacity":"","overlay-gradient":""},"tablet":{"background-color":"","background-image":"","background-repeat":"repeat","background-position":"center center","background-size":"auto","background-attachment":"scroll","background-type":"","background-media":"","overlay-type":"","overlay-color":"","overlay-opacity":"","overlay-gradient":""},"mobile":{"background-color":"","background-image":"","background-repeat":"repeat","background-position":"center center","background-size":"auto","background-attachment":"scroll","background-type":"","background-media":"","overlay-type":"","overlay-color":"","overlay-opacity":"","overlay-gradient":""}},"ast-content-background-meta":{"desktop":{"background-color":"var(--ast-global-color-5)","background-image":"","background-repeat":"repeat","background-position":"center center","background-size":"auto","background-attachment":"scroll","background-type":"","background-media":"","overlay-type":"","overlay-color":"","overlay-opacity":"","overlay-gradient":""},"tablet":{"background-color":"var(--ast-global-color-5)","background-image":"","background-repeat":"repeat","background-position":"center center","background-size":"auto","background-attachment":"scroll","background-type":"","background-media":"","overlay-type":"","overlay-color":"","overlay-opacity":"","overlay-gradient":""},"mobile":{"background-color":"var(--ast-global-color-5)","background-image":"","background-repeat":"repeat","background-position":"center center","background-size":"auto","background-attachment":"scroll","background-type":"","background-media":"","overlay-type":"","overlay-color":"","overlay-opacity":"","overlay-gradient":""}},"footnotes":""},"class_list":["post-7727","page","type-page","status-publish","hentry"],"yoast_head":"<!-- This site is optimized with the Yoast SEO plugin v27.5 - https:\/\/yoast.com\/product\/yoast-seo-wordpress\/ -->\n<title>Condiciones Sorteo Primor Box - Primor Box<\/title>\n<meta name=\"robots\" content=\"index, follow, max-snippet:-1, max-image-preview:large, max-video-preview:-1\" \/>\n<link rel=\"canonical\" href=\"https:\/\/www.primorbox.eu\/pt-pt\/condicoes-do-sorteio-primor-box\/\" \/>\n<meta property=\"og:locale\" content=\"pt_PT\" \/>\n<meta property=\"og:type\" content=\"article\" \/>\n<meta property=\"og:title\" content=\"Condiciones Sorteo Primor Box - Primor Box\" \/>\n<meta property=\"og:description\" content=\"Condiciones Sorteo Primor Box Sorteo Primor Box Si quieres ser el ganador del sorteo de una tarjeta regalo digital por valor de 50\u20ac, sigue las instrucciones que te dejamos a continuaci\u00f3n: \u00bfQui\u00e9n puede participar? Podr\u00e1n participar todas las personas con una suscripci\u00f3n a Primor Box que lo deseen, a trav\u00e9s del formulario &#8211; encuesta ubicado [&hellip;]\" \/>\n<meta property=\"og:url\" content=\"https:\/\/www.primorbox.eu\/pt-pt\/condicoes-do-sorteio-primor-box\/\" \/>\n<meta property=\"og:site_name\" content=\"Primor Box\" \/>\n<meta property=\"article:modified_time\" content=\"2021-12-30T18:03:17+00:00\" \/>\n<meta name=\"twitter:card\" content=\"summary_large_image\" \/>\n<meta name=\"twitter:label1\" content=\"Tempo estimado de leitura\" \/>\n\t<meta name=\"twitter:data1\" content=\"1 minuto\" \/>\n<script type=\"application\/ld+json\" class=\"yoast-schema-graph\">{\"@context\":\"https:\\\/\\\/schema.org\",\"@graph\":[{\"@type\":\"WebPage\",\"@id\":\"https:\\\/\\\/www.primorbox.eu\\\/condiciones-sorteo-primor-box\\\/\",\"url\":\"https:\\\/\\\/www.primorbox.eu\\\/condiciones-sorteo-primor-box\\\/\",\"name\":\"Condiciones Sorteo Primor Box - Primor Box\",\"isPartOf\":{\"@id\":\"https:\\\/\\\/www.primorbox.eu\\\/#website\"},\"datePublished\":\"2021-12-30T16:49:06+00:00\",\"dateModified\":\"2021-12-30T18:03:17+00:00\",\"breadcrumb\":{\"@id\":\"https:\\\/\\\/www.primorbox.eu\\\/condiciones-sorteo-primor-box\\\/#breadcrumb\"},\"inLanguage\":\"pt-PT\",\"potentialAction\":[{\"@type\":\"ReadAction\",\"target\":[\"https:\\\/\\\/www.primorbox.eu\\\/condiciones-sorteo-primor-box\\\/\"]}]},{\"@type\":\"BreadcrumbList\",\"@id\":\"https:\\\/\\\/www.primorbox.eu\\\/condiciones-sorteo-primor-box\\\/#breadcrumb\",\"itemListElement\":[{\"@type\":\"ListItem\",\"position\":1,\"name\":\"Portada\",\"item\":\"https:\\\/\\\/www.primorbox.eu\\\/\"},{\"@type\":\"ListItem\",\"position\":2,\"name\":\"Condiciones Sorteo Primor Box\"}]},{\"@type\":\"WebSite\",\"@id\":\"https:\\\/\\\/www.primorbox.eu\\\/#website\",\"url\":\"https:\\\/\\\/www.primorbox.eu\\\/\",\"name\":\"Primor Box\",\"description\":\"\",\"potentialAction\":[{\"@type\":\"SearchAction\",\"target\":{\"@type\":\"EntryPoint\",\"urlTemplate\":\"https:\\\/\\\/www.primorbox.eu\\\/?s={search_term_string}\"},\"query-input\":{\"@type\":\"PropertyValueSpecification\",\"valueRequired\":true,\"valueName\":\"search_term_string\"}}],\"inLanguage\":\"pt-PT\"}]}<\/script>\n<!-- \/ Yoast SEO plugin. -->","yoast_head_json":{"title":"Condiciones Sorteo Primor Box - Primor Box","robots":{"index":"index","follow":"follow","max-snippet":"max-snippet:-1","max-image-preview":"max-image-preview:large","max-video-preview":"max-video-preview:-1"},"canonical":"https:\/\/www.primorbox.eu\/pt-pt\/condicoes-do-sorteio-primor-box\/","og_locale":"pt_PT","og_type":"article","og_title":"Condiciones Sorteo Primor Box - Primor Box","og_description":"Condiciones Sorteo Primor Box Sorteo Primor Box Si quieres ser el ganador del sorteo de una tarjeta regalo digital por valor de 50\u20ac, sigue las instrucciones que te dejamos a continuaci\u00f3n: \u00bfQui\u00e9n puede participar? Podr\u00e1n participar todas las personas con una suscripci\u00f3n a Primor Box que lo deseen, a trav\u00e9s del formulario &#8211; encuesta ubicado [&hellip;]","og_url":"https:\/\/www.primorbox.eu\/pt-pt\/condicoes-do-sorteio-primor-box\/","og_site_name":"Primor Box","article_modified_time":"2021-12-30T18:03:17+00:00","twitter_card":"summary_large_image","twitter_misc":{"Tempo estimado de leitura":"1 minuto"},"schema":{"@context":"https:\/\/schema.org","@graph":[{"@type":"WebPage","@id":"https:\/\/www.primorbox.eu\/condiciones-sorteo-primor-box\/","url":"https:\/\/www.primorbox.eu\/condiciones-sorteo-primor-box\/","name":"Condiciones Sorteo Primor Box - Primor Box","isPartOf":{"@id":"https:\/\/www.primorbox.eu\/#website"},"datePublished":"2021-12-30T16:49:06+00:00","dateModified":"2021-12-30T18:03:17+00:00","breadcrumb":{"@id":"https:\/\/www.primorbox.eu\/condiciones-sorteo-primor-box\/#breadcrumb"},"inLanguage":"pt-PT","potentialAction":[{"@type":"ReadAction","target":["https:\/\/www.primorbox.eu\/condiciones-sorteo-primor-box\/"]}]},{"@type":"BreadcrumbList","@id":"https:\/\/www.primorbox.eu\/condiciones-sorteo-primor-box\/#breadcrumb","itemListElement":[{"@type":"ListItem","position":1,"name":"Portada","item":"https:\/\/www.primorbox.eu\/"},{"@type":"ListItem","position":2,"name":"Condiciones Sorteo Primor Box"}]},{"@type":"WebSite","@id":"https:\/\/www.primorbox.eu\/#website","url":"https:\/\/www.primorbox.eu\/","name":"Primor Box","description":"","potentialAction":[{"@type":"SearchAction","target":{"@type":"EntryPoint","urlTemplate":"https:\/\/www.primorbox.eu\/?s={search_term_string}"},"query-input":{"@type":"PropertyValueSpecification","valueRequired":true,"valueName":"search_term_string"}}],"inLanguage":"pt-PT"}]}},"_links":{"self":[{"href":"https:\/\/www.primorbox.eu\/pt-pt\/wp-json\/wp\/v2\/pages\/7727","targetHints":{"allow":["GET"]}}],"collection":[{"href":"https:\/\/www.primorbox.eu\/pt-pt\/wp-json\/wp\/v2\/pages"}],"about":[{"href":"https:\/\/www.primorbox.eu\/pt-pt\/wp-json\/wp\/v2\/types\/page"}],"author":[{"embeddable":true,"href":"https:\/\/www.primorbox.eu\/pt-pt\/wp-json\/wp\/v2\/users\/1"}],"replies":[{"embeddable":true,"href":"https:\/\/www.primorbox.eu\/pt-pt\/wp-json\/wp\/v2\/comments?post=7727"}],"version-history":[{"count":10,"href":"https:\/\/www.primorbox.eu\/pt-pt\/wp-json\/wp\/v2\/pages\/7727\/revisions"}],"predecessor-version":[{"id":7748,"href":"https:\/\/www.primorbox.eu\/pt-pt\/wp-json\/wp\/v2\/pages\/7727\/revisions\/7748"}],"wp:attachment":[{"href":"https:\/\/www.primorbox.eu\/pt-pt\/wp-json\/wp\/v2\/media?parent=7727"}],"curies":[{"name":"wp","href":"https:\/\/api.w.org\/{rel}","templated":true}]}}