{"id":674628,"date":"2026-01-09T12:13:58","date_gmt":"2026-01-09T12:13:58","guid":{"rendered":"https:\/\/www.primorbox.eu\/?post_type=product&#038;p=674628"},"modified":"2026-04-17T17:40:02","modified_gmt":"2026-04-17T17:40:02","slug":"primor-box-baby-shower","status":"publish","type":"product","link":"https:\/\/www.primorbox.eu\/it-it\/product-2\/primor-box-baby-shower\/","title":{"rendered":"Primor Box Baby Shower"},"content":{"rendered":"<p>Ternura, cuidado y las mejores marcas en una sola caja. Sabemos que la llegada de un beb\u00e9 es uno de los momentos m\u00e1s especiales de la vida. Por eso, en <strong>Primor hemos dise\u00f1ado una edici\u00f3n limitada<\/strong> pensada exclusivamente para mimar a los m\u00e1s peque\u00f1os y hacer la vida de los pap\u00e1s un poco m\u00e1s f\u00e1cil.<\/p>\n<p>En el interior de esta cajita encontrar\u00e1s un mix de <strong>9 productos sorpresa<\/strong>\u00a0esenciales para el cuidado del beb\u00e9 y de la mam\u00e1: <strong>biber\u00f3n, chupete, toallitas, higiene, cosm\u00e9ticos, preparados&#8230;<\/strong><\/p>\n<p>Esta selecci\u00f3n experta son de imprescindibles de marcas l\u00edderes como <em><strong>Mustela, Suavinex, Chicco, Nuk, Dodot, Bio-Oil, Nutriben, Smileat y Gerber\u00a0<\/strong><\/em>\u00a1Te sorprender\u00e1 la gran variedad!<\/p>\n<p>El valor de la cajita es superior a 30\u20ac y a ti te saldr\u00e1 <strong>\u00a1a un precio mini!<\/strong> Porque los gastos de un beb\u00e9 son grandes, pero sus caprichos no tienen por qu\u00e9 serlo. <em>\u00abUn cuidado primoroso con un ahorro gigante\u00bb<\/em><\/p>\n<p>\u00a1Recuerda que esta cajita no es una suscripci\u00f3n y son <strong>unidades limitadas<\/strong>!<\/p>","protected":false},"excerpt":{"rendered":"<p><em><strong>\u00a1YA EST\u00c1 AQU\u00cd! Ha nacido la Primor Box Baby Shower<\/strong><\/em><\/p>\n<p><em><strong>Cajita edici\u00f3n limitada, es una venta \u00fanica, no una suscripci\u00f3n.<\/strong><\/em><\/p>","protected":false},"featured_media":674631,"template":"","meta":{"site-sidebar-layout":"default","site-content-layout":"default","ast-site-content-layout":"default","site-content-style":"default","site-sidebar-style":"default","ast-global-header-display":"","ast-banner-title-visibility":"","ast-main-header-display":"","ast-hfb-above-header-display":"","ast-hfb-below-header-display":"","ast-hfb-mobile-header-display":"","site-post-title":"","ast-breadcrumbs-content":"","ast-featured-img":"","footer-sml-layout":"","ast-disable-related-posts":"","theme-transparent-header-meta":"default","adv-header-id-meta":"","stick-header-meta":"","header-above-stick-meta":"","header-main-stick-meta":"","header-below-stick-meta":"","astra-migrate-meta-layouts":"set","ast-page-background-enabled":"default","ast-page-background-meta":{"desktop":{"background-color":"var(--ast-global-color-4)","background-image":"","background-repeat":"repeat","background-position":"center center","background-size":"auto","background-attachment":"scroll","background-type":"","background-media":"","overlay-type":"","overlay-color":"","overlay-opacity":"","overlay-gradient":""},"tablet":{"background-color":"","background-image":"","background-repeat":"repeat","background-position":"center center","background-size":"auto","background-attachment":"scroll","background-type":"","background-media":"","overlay-type":"","overlay-color":"","overlay-opacity":"","overlay-gradient":""},"mobile":{"background-color":"","background-image":"","background-repeat":"repeat","background-position":"center center","background-size":"auto","background-attachment":"scroll","background-type":"","background-media":"","overlay-type":"","overlay-color":"","overlay-opacity":"","overlay-gradient":""}},"ast-content-background-meta":{"desktop":{"background-color":"var(--ast-global-color-5)","background-image":"","background-repeat":"repeat","background-position":"center center","background-size":"auto","background-attachment":"scroll","background-type":"","background-media":"","overlay-type":"","overlay-color":"","overlay-opacity":"","overlay-gradient":""},"tablet":{"background-color":"var(--ast-global-color-5)","background-image":"","background-repeat":"repeat","background-position":"center center","background-size":"auto","background-attachment":"scroll","background-type":"","background-media":"","overlay-type":"","overlay-color":"","overlay-opacity":"","overlay-gradient":""},"mobile":{"background-color":"var(--ast-global-color-5)","background-image":"","background-repeat":"repeat","background-position":"center center","background-size":"auto","background-attachment":"scroll","background-type":"","background-media":"","overlay-type":"","overlay-color":"","overlay-opacity":"","overlay-gradient":""}}},"product_brand":[],"product_cat":[15],"product_tag":[],"class_list":{"0":"post-674628","1":"product","2":"type-product","3":"status-publish","4":"has-post-thumbnail","6":"product_cat-sin-categorizar","7":"desktop-align-left","8":"tablet-align-left","9":"mobile-align-left","11":"first","12":"instock","13":"taxable","14":"shipping-taxable","15":"purchasable","16":"product-type-simple"},"yoast_head":"<!-- This site is optimized with the Yoast SEO plugin v26.6 - https:\/\/yoast.com\/wordpress\/plugins\/seo\/ -->\n<title>Primor Box Baby Shower - Primor Box<\/title>\n<meta name=\"description\" content=\"\u00a1Ya est\u00e1 aqu\u00ed el primer Calendario de Adviento de Primor! Haz de la cuenta atr\u00e1s hasta Navidad una dulce espera con 24 sorpresas valoradas en m\u00e1s de 100\u20ac...\" \/>\n<meta name=\"robots\" content=\"index, follow, max-snippet:-1, max-image-preview:large, max-video-preview:-1\" \/>\n<link rel=\"canonical\" href=\"https:\/\/www.primorbox.eu\/it-it\/product-2\/primor-box-baby-shower\/\" \/>\n<meta property=\"og:locale\" content=\"it_IT\" \/>\n<meta property=\"og:type\" content=\"article\" \/>\n<meta property=\"og:title\" content=\"Primor Box Baby Shower - Primor Box\" \/>\n<meta property=\"og:description\" content=\"\u00a1Ya est\u00e1 aqu\u00ed el primer Calendario de Adviento de Primor! Haz de la cuenta atr\u00e1s hasta Navidad una dulce espera con 24 sorpresas valoradas en m\u00e1s de 100\u20ac...\" \/>\n<meta property=\"og:url\" content=\"https:\/\/www.primorbox.eu\/it-it\/product-2\/primor-box-baby-shower\/\" \/>\n<meta property=\"og:site_name\" content=\"Primor Box\" \/>\n<meta property=\"article:modified_time\" content=\"2026-04-17T17:40:02+00:00\" \/>\n<meta property=\"og:image\" content=\"https:\/\/www.primorbox.eu\/wp-content\/uploads\/2026\/01\/PRIMOR-BOX-BABY-SHOWER-web.jpg\" \/>\n\t<meta property=\"og:image:width\" content=\"1000\" \/>\n\t<meta property=\"og:image:height\" content=\"1000\" \/>\n\t<meta property=\"og:image:type\" content=\"image\/jpeg\" \/>\n<meta name=\"twitter:card\" content=\"summary_large_image\" \/>\n<meta name=\"twitter:label1\" content=\"Tempo di lettura stimato\" \/>\n\t<meta name=\"twitter:data1\" content=\"1 minuto\" \/>\n<script type=\"application\/ld+json\" class=\"yoast-schema-graph\">{\"@context\":\"https:\/\/schema.org\",\"@graph\":[{\"@type\":\"WebPage\",\"@id\":\"https:\/\/www.primorbox.eu\/producto\/primor-box-baby-shower\/\",\"url\":\"https:\/\/www.primorbox.eu\/producto\/primor-box-baby-shower\/\",\"name\":\"Primor Box Baby Shower - Primor Box\",\"isPartOf\":{\"@id\":\"https:\/\/www.primorbox.eu\/#website\"},\"primaryImageOfPage\":{\"@id\":\"https:\/\/www.primorbox.eu\/producto\/primor-box-baby-shower\/#primaryimage\"},\"image\":{\"@id\":\"https:\/\/www.primorbox.eu\/producto\/primor-box-baby-shower\/#primaryimage\"},\"thumbnailUrl\":\"https:\/\/www.primorbox.eu\/wp-content\/uploads\/2026\/01\/PRIMOR-BOX-BABY-SHOWER-web.jpg\",\"datePublished\":\"2026-01-09T12:13:58+00:00\",\"dateModified\":\"2026-04-17T17:40:02+00:00\",\"description\":\"\u00a1Ya est\u00e1 aqu\u00ed el primer Calendario de Adviento de Primor! Haz de la cuenta atr\u00e1s hasta Navidad una dulce espera con 24 sorpresas valoradas en m\u00e1s de 100\u20ac...\",\"breadcrumb\":{\"@id\":\"https:\/\/www.primorbox.eu\/producto\/primor-box-baby-shower\/#breadcrumb\"},\"inLanguage\":\"it-IT\",\"potentialAction\":[{\"@type\":\"ReadAction\",\"target\":[\"https:\/\/www.primorbox.eu\/producto\/primor-box-baby-shower\/\"]}]},{\"@type\":\"ImageObject\",\"inLanguage\":\"it-IT\",\"@id\":\"https:\/\/www.primorbox.eu\/producto\/primor-box-baby-shower\/#primaryimage\",\"url\":\"https:\/\/www.primorbox.eu\/wp-content\/uploads\/2026\/01\/PRIMOR-BOX-BABY-SHOWER-web.jpg\",\"contentUrl\":\"https:\/\/www.primorbox.eu\/wp-content\/uploads\/2026\/01\/PRIMOR-BOX-BABY-SHOWER-web.jpg\",\"width\":1000,\"height\":1000},{\"@type\":\"BreadcrumbList\",\"@id\":\"https:\/\/www.primorbox.eu\/producto\/primor-box-baby-shower\/#breadcrumb\",\"itemListElement\":[{\"@type\":\"ListItem\",\"position\":1,\"name\":\"Portada\",\"item\":\"https:\/\/www.primorbox.eu\/\"},{\"@type\":\"ListItem\",\"position\":2,\"name\":\"Tienda\",\"item\":\"https:\/\/www.primorbox.eu\/tienda\/\"},{\"@type\":\"ListItem\",\"position\":3,\"name\":\"Primor Box Baby Shower\"}]},{\"@type\":\"WebSite\",\"@id\":\"https:\/\/www.primorbox.eu\/#website\",\"url\":\"https:\/\/www.primorbox.eu\/\",\"name\":\"Primor Box\",\"description\":\"\",\"potentialAction\":[{\"@type\":\"SearchAction\",\"target\":{\"@type\":\"EntryPoint\",\"urlTemplate\":\"https:\/\/www.primorbox.eu\/?s={search_term_string}\"},\"query-input\":{\"@type\":\"PropertyValueSpecification\",\"valueRequired\":true,\"valueName\":\"search_term_string\"}}],\"inLanguage\":\"it-IT\"}]}<\/script>\n<!-- \/ Yoast SEO plugin. -->","yoast_head_json":{"title":"Primor Box Baby Shower - Primor Box","description":"\u00a1Ya est\u00e1 aqu\u00ed el primer Calendario de Adviento de Primor! Haz de la cuenta atr\u00e1s hasta Navidad una dulce espera con 24 sorpresas valoradas en m\u00e1s de 100\u20ac...","robots":{"index":"index","follow":"follow","max-snippet":"max-snippet:-1","max-image-preview":"max-image-preview:large","max-video-preview":"max-video-preview:-1"},"canonical":"https:\/\/www.primorbox.eu\/it-it\/product-2\/primor-box-baby-shower\/","og_locale":"it_IT","og_type":"article","og_title":"Primor Box Baby Shower - Primor Box","og_description":"\u00a1Ya est\u00e1 aqu\u00ed el primer Calendario de Adviento de Primor! Haz de la cuenta atr\u00e1s hasta Navidad una dulce espera con 24 sorpresas valoradas en m\u00e1s de 100\u20ac...","og_url":"https:\/\/www.primorbox.eu\/it-it\/product-2\/primor-box-baby-shower\/","og_site_name":"Primor Box","article_modified_time":"2026-04-17T17:40:02+00:00","og_image":[{"width":1000,"height":1000,"url":"https:\/\/www.primorbox.eu\/wp-content\/uploads\/2026\/01\/PRIMOR-BOX-BABY-SHOWER-web.jpg","type":"image\/jpeg"}],"twitter_card":"summary_large_image","twitter_misc":{"Tempo di lettura stimato":"1 minuto"},"schema":{"@context":"https:\/\/schema.org","@graph":[{"@type":"WebPage","@id":"https:\/\/www.primorbox.eu\/producto\/primor-box-baby-shower\/","url":"https:\/\/www.primorbox.eu\/producto\/primor-box-baby-shower\/","name":"Primor Box Baby Shower - Primor Box","isPartOf":{"@id":"https:\/\/www.primorbox.eu\/#website"},"primaryImageOfPage":{"@id":"https:\/\/www.primorbox.eu\/producto\/primor-box-baby-shower\/#primaryimage"},"image":{"@id":"https:\/\/www.primorbox.eu\/producto\/primor-box-baby-shower\/#primaryimage"},"thumbnailUrl":"https:\/\/www.primorbox.eu\/wp-content\/uploads\/2026\/01\/PRIMOR-BOX-BABY-SHOWER-web.jpg","datePublished":"2026-01-09T12:13:58+00:00","dateModified":"2026-04-17T17:40:02+00:00","description":"\u00a1Ya est\u00e1 aqu\u00ed el primer Calendario de Adviento de Primor! Haz de la cuenta atr\u00e1s hasta Navidad una dulce espera con 24 sorpresas valoradas en m\u00e1s de 100\u20ac...","breadcrumb":{"@id":"https:\/\/www.primorbox.eu\/producto\/primor-box-baby-shower\/#breadcrumb"},"inLanguage":"it-IT","potentialAction":[{"@type":"ReadAction","target":["https:\/\/www.primorbox.eu\/producto\/primor-box-baby-shower\/"]}]},{"@type":"ImageObject","inLanguage":"it-IT","@id":"https:\/\/www.primorbox.eu\/producto\/primor-box-baby-shower\/#primaryimage","url":"https:\/\/www.primorbox.eu\/wp-content\/uploads\/2026\/01\/PRIMOR-BOX-BABY-SHOWER-web.jpg","contentUrl":"https:\/\/www.primorbox.eu\/wp-content\/uploads\/2026\/01\/PRIMOR-BOX-BABY-SHOWER-web.jpg","width":1000,"height":1000},{"@type":"BreadcrumbList","@id":"https:\/\/www.primorbox.eu\/producto\/primor-box-baby-shower\/#breadcrumb","itemListElement":[{"@type":"ListItem","position":1,"name":"Portada","item":"https:\/\/www.primorbox.eu\/"},{"@type":"ListItem","position":2,"name":"Tienda","item":"https:\/\/www.primorbox.eu\/tienda\/"},{"@type":"ListItem","position":3,"name":"Primor Box Baby Shower"}]},{"@type":"WebSite","@id":"https:\/\/www.primorbox.eu\/#website","url":"https:\/\/www.primorbox.eu\/","name":"Primor Box","description":"","potentialAction":[{"@type":"SearchAction","target":{"@type":"EntryPoint","urlTemplate":"https:\/\/www.primorbox.eu\/?s={search_term_string}"},"query-input":{"@type":"PropertyValueSpecification","valueRequired":true,"valueName":"search_term_string"}}],"inLanguage":"it-IT"}]}},"_links":{"self":[{"href":"https:\/\/www.primorbox.eu\/it-it\/wp-json\/wp\/v2\/product\/674628","targetHints":{"allow":["GET"]}}],"collection":[{"href":"https:\/\/www.primorbox.eu\/it-it\/wp-json\/wp\/v2\/product"}],"about":[{"href":"https:\/\/www.primorbox.eu\/it-it\/wp-json\/wp\/v2\/types\/product"}],"wp:featuredmedia":[{"embeddable":true,"href":"https:\/\/www.primorbox.eu\/it-it\/wp-json\/wp\/v2\/media\/674631"}],"wp:attachment":[{"href":"https:\/\/www.primorbox.eu\/it-it\/wp-json\/wp\/v2\/media?parent=674628"}],"wp:term":[{"taxonomy":"product_brand","embeddable":true,"href":"https:\/\/www.primorbox.eu\/it-it\/wp-json\/wp\/v2\/product_brand?post=674628"},{"taxonomy":"product_cat","embeddable":true,"href":"https:\/\/www.primorbox.eu\/it-it\/wp-json\/wp\/v2\/product_cat?post=674628"},{"taxonomy":"product_tag","embeddable":true,"href":"https:\/\/www.primorbox.eu\/it-it\/wp-json\/wp\/v2\/product_tag?post=674628"}],"curies":[{"name":"wp","href":"https:\/\/api.w.org\/{rel}","templated":true}]}}