{"id":596236,"date":"2025-10-08T16:18:06","date_gmt":"2025-10-08T16:18:06","guid":{"rendered":"https:\/\/www.primorbox.eu\/?post_type=product&#038;p=596236"},"modified":"2026-04-13T07:39:53","modified_gmt":"2026-04-13T07:39:53","slug":"calendario-de-adviento-premium","status":"publish","type":"product","link":"https:\/\/www.primorbox.eu\/it-it\/product-2\/calendario-de-adviento-premium\/","title":{"rendered":"Calendario de Adviento Premium Primor"},"content":{"rendered":"<p><em>\u00a1UN REGALO INESPERADO!<\/em><\/p>\n<p>\u00a1Ya est\u00e1 aqu\u00ed el <strong>Calendario m\u00e1s Premium de Primor!<\/strong><\/p>\n<p><strong>Celebra la Navidad en Primor con 25 productos de marcas premium<\/strong> entre los que figuran tallas en tama\u00f1o viaje y miniaturas exclusivas con un <strong>*valor aproximado de 155\u20ac.<\/strong><\/p>\n<p>Con un packaging premium, elegante y lustroso, en el interior de las cajitas encontrar\u00e1s <strong>perfumes, cosm\u00e9ticos, maquillaje y productos para el cabello y cuerpo de marcas de lujo, de parafarmacia y de corea.<\/strong><\/p>\n<p>\u00a1El mejor regalo te espera antes de Navidad!<\/p>\n<p>Eso s\u00ed, recuerda que no vale hacer trampas. Si quieres vivir esta experiencia al m\u00e1ximo solo podr\u00e1s abrir una cajita al d\u00eda comenzando por el n\u00famero 1.<\/p>\n<p>Y para que puedas resistir la tentaci\u00f3n, aqu\u00ed tienes un adelanto de las 25 marcas que configuran este fabuloso Calendario <strong>\u00bfAdivinar\u00e1s que marca incluye 2 productos?<\/strong><\/p>\n<p><em>Guerlain, Kerastase, Elizabeth Arden, Shiseido, Bareminerals, Mont Blanc, Lancome, Yves Saint Laurent, Prada, Wella Professionals, Marc Jacobs, Collistar, Plantur, Neqi, Its&#8217; skin, Tocobo, TonyMoly, Some by mi, Weleda, Eucerin, Neutrogena, Rilastil, Germinal y Avene<\/em><\/p>\n<p>Si quieres disfrutar de la cuenta atr\u00e1s hasta Navidad o necesitas un regalo exclusivo para tu amigo invisible, el <strong>Calendario de Adviento Premium<\/strong> es perfecto para ti.<\/p>\n<p>\u00a1Recuerda que son <strong>unidades limitadas!<\/strong><\/p>\n<p><strong><em><u>Nota importante:<\/u><\/em><\/strong><\/p>\n<p><em>En la cajita N\u00ba9 de este Calendario Premium se incluye el producto <strong>S\u00e9rum de \u00c1cido Hialur\u00f3nico Ceramide en formato de 7 c\u00e1psulas.<\/strong> En la cajita hay un error tipogr\u00e1fico y se indica que es un formato de 30 c\u00e1psulas, pero no es as\u00ed, es de 7 c\u00e1psulas. (Si fuera un formato de 30 c\u00e1psulas el Calendario tendr\u00eda un valor en productos superior a 190\u20ac y no es as\u00ed, en esta descripci\u00f3n hemos indicado que el valor en productos del Calendario es de 155\u20ac aprox). \u00a1Gracias por la comprensi\u00f3n!<\/em><\/p>","protected":false},"excerpt":{"rendered":"<p>\u00a1Ya est\u00e1 aqu\u00ed el <strong>Calendario m\u00e1s Premium de Primor! <\/strong>Celebra la Navidad en Primor con 25 productos de marcas premium. <span style=\"font-size: 16px;\">\u00a1Recuerda que son <\/span><strong style=\"font-size: 16px;\">unidades limitadas<\/strong><span style=\"font-size: 16px;\">!<\/span><\/p>","protected":false},"featured_media":608175,"template":"","meta":{"site-sidebar-layout":"default","site-content-layout":"default","ast-site-content-layout":"default","site-content-style":"default","site-sidebar-style":"default","ast-global-header-display":"","ast-banner-title-visibility":"","ast-main-header-display":"","ast-hfb-above-header-display":"","ast-hfb-below-header-display":"","ast-hfb-mobile-header-display":"","site-post-title":"","ast-breadcrumbs-content":"","ast-featured-img":"","footer-sml-layout":"","ast-disable-related-posts":"","theme-transparent-header-meta":"default","adv-header-id-meta":"","stick-header-meta":"","header-above-stick-meta":"","header-main-stick-meta":"","header-below-stick-meta":"","astra-migrate-meta-layouts":"set","ast-page-background-enabled":"default","ast-page-background-meta":{"desktop":{"background-color":"var(--ast-global-color-4)","background-image":"","background-repeat":"repeat","background-position":"center center","background-size":"auto","background-attachment":"scroll","background-type":"","background-media":"","overlay-type":"","overlay-color":"","overlay-opacity":"","overlay-gradient":""},"tablet":{"background-color":"","background-image":"","background-repeat":"repeat","background-position":"center center","background-size":"auto","background-attachment":"scroll","background-type":"","background-media":"","overlay-type":"","overlay-color":"","overlay-opacity":"","overlay-gradient":""},"mobile":{"background-color":"","background-image":"","background-repeat":"repeat","background-position":"center center","background-size":"auto","background-attachment":"scroll","background-type":"","background-media":"","overlay-type":"","overlay-color":"","overlay-opacity":"","overlay-gradient":""}},"ast-content-background-meta":{"desktop":{"background-color":"var(--ast-global-color-5)","background-image":"","background-repeat":"repeat","background-position":"center center","background-size":"auto","background-attachment":"scroll","background-type":"","background-media":"","overlay-type":"","overlay-color":"","overlay-opacity":"","overlay-gradient":""},"tablet":{"background-color":"var(--ast-global-color-5)","background-image":"","background-repeat":"repeat","background-position":"center center","background-size":"auto","background-attachment":"scroll","background-type":"","background-media":"","overlay-type":"","overlay-color":"","overlay-opacity":"","overlay-gradient":""},"mobile":{"background-color":"var(--ast-global-color-5)","background-image":"","background-repeat":"repeat","background-position":"center center","background-size":"auto","background-attachment":"scroll","background-type":"","background-media":"","overlay-type":"","overlay-color":"","overlay-opacity":"","overlay-gradient":""}}},"product_brand":[],"product_cat":[35],"product_tag":[],"class_list":{"0":"post-596236","1":"product","2":"type-product","3":"status-publish","4":"has-post-thumbnail","6":"product_cat-calendario","7":"desktop-align-left","8":"tablet-align-left","9":"mobile-align-left","11":"first","12":"outofstock","13":"taxable","14":"shipping-taxable","15":"purchasable","16":"product-type-simple"},"yoast_head":"<!-- This site is optimized with the Yoast SEO plugin v26.6 - https:\/\/yoast.com\/wordpress\/plugins\/seo\/ -->\n<title>Calendario de Adviento Premium Primor - Primor Box<\/title>\n<meta name=\"description\" content=\"\u00a1Ya est\u00e1 aqu\u00ed el primer Calendario de Adviento de Primor! Haz de la cuenta atr\u00e1s hasta Navidad una dulce espera con 24 sorpresas valoradas en m\u00e1s de 100\u20ac...\" \/>\n<meta name=\"robots\" content=\"index, follow, max-snippet:-1, max-image-preview:large, max-video-preview:-1\" \/>\n<link rel=\"canonical\" href=\"https:\/\/www.primorbox.eu\/it-it\/product-2\/calendario-de-adviento-premium\/\" \/>\n<meta property=\"og:locale\" content=\"it_IT\" \/>\n<meta property=\"og:type\" content=\"article\" \/>\n<meta property=\"og:title\" content=\"Calendario de Adviento Premium Primor - Primor Box\" \/>\n<meta property=\"og:description\" content=\"\u00a1Ya est\u00e1 aqu\u00ed el primer Calendario de Adviento de Primor! Haz de la cuenta atr\u00e1s hasta Navidad una dulce espera con 24 sorpresas valoradas en m\u00e1s de 100\u20ac...\" \/>\n<meta property=\"og:url\" content=\"https:\/\/www.primorbox.eu\/it-it\/product-2\/calendario-de-adviento-premium\/\" \/>\n<meta property=\"og:site_name\" content=\"Primor Box\" \/>\n<meta property=\"article:modified_time\" content=\"2026-04-13T07:39:53+00:00\" \/>\n<meta property=\"og:image\" content=\"https:\/\/www.primorbox.eu\/wp-content\/uploads\/2025\/10\/ficha-producto-SIN-LOGOS-600X600.jpg\" \/>\n\t<meta property=\"og:image:width\" content=\"600\" \/>\n\t<meta property=\"og:image:height\" content=\"600\" \/>\n\t<meta property=\"og:image:type\" content=\"image\/jpeg\" \/>\n<meta name=\"twitter:card\" content=\"summary_large_image\" \/>\n<meta name=\"twitter:label1\" content=\"Tempo di lettura stimato\" \/>\n\t<meta name=\"twitter:data1\" content=\"2 minuti\" \/>\n<script type=\"application\/ld+json\" class=\"yoast-schema-graph\">{\"@context\":\"https:\/\/schema.org\",\"@graph\":[{\"@type\":\"WebPage\",\"@id\":\"https:\/\/www.primorbox.eu\/producto\/calendario-de-adviento-premium\/\",\"url\":\"https:\/\/www.primorbox.eu\/producto\/calendario-de-adviento-premium\/\",\"name\":\"Calendario de Adviento Premium Primor - Primor Box\",\"isPartOf\":{\"@id\":\"https:\/\/www.primorbox.eu\/#website\"},\"primaryImageOfPage\":{\"@id\":\"https:\/\/www.primorbox.eu\/producto\/calendario-de-adviento-premium\/#primaryimage\"},\"image\":{\"@id\":\"https:\/\/www.primorbox.eu\/producto\/calendario-de-adviento-premium\/#primaryimage\"},\"thumbnailUrl\":\"https:\/\/www.primorbox.eu\/wp-content\/uploads\/2025\/10\/ficha-producto-SIN-LOGOS-600X600.jpg\",\"datePublished\":\"2025-10-08T16:18:06+00:00\",\"dateModified\":\"2026-04-13T07:39:53+00:00\",\"description\":\"\u00a1Ya est\u00e1 aqu\u00ed el primer Calendario de Adviento de Primor! Haz de la cuenta atr\u00e1s hasta Navidad una dulce espera con 24 sorpresas valoradas en m\u00e1s de 100\u20ac...\",\"breadcrumb\":{\"@id\":\"https:\/\/www.primorbox.eu\/producto\/calendario-de-adviento-premium\/#breadcrumb\"},\"inLanguage\":\"it-IT\",\"potentialAction\":[{\"@type\":\"ReadAction\",\"target\":[\"https:\/\/www.primorbox.eu\/producto\/calendario-de-adviento-premium\/\"]}]},{\"@type\":\"ImageObject\",\"inLanguage\":\"it-IT\",\"@id\":\"https:\/\/www.primorbox.eu\/producto\/calendario-de-adviento-premium\/#primaryimage\",\"url\":\"https:\/\/www.primorbox.eu\/wp-content\/uploads\/2025\/10\/ficha-producto-SIN-LOGOS-600X600.jpg\",\"contentUrl\":\"https:\/\/www.primorbox.eu\/wp-content\/uploads\/2025\/10\/ficha-producto-SIN-LOGOS-600X600.jpg\",\"width\":600,\"height\":600},{\"@type\":\"BreadcrumbList\",\"@id\":\"https:\/\/www.primorbox.eu\/producto\/calendario-de-adviento-premium\/#breadcrumb\",\"itemListElement\":[{\"@type\":\"ListItem\",\"position\":1,\"name\":\"Portada\",\"item\":\"https:\/\/www.primorbox.eu\/\"},{\"@type\":\"ListItem\",\"position\":2,\"name\":\"Tienda\",\"item\":\"https:\/\/www.primorbox.eu\/tienda\/\"},{\"@type\":\"ListItem\",\"position\":3,\"name\":\"Calendario de Adviento Premium Primor\"}]},{\"@type\":\"WebSite\",\"@id\":\"https:\/\/www.primorbox.eu\/#website\",\"url\":\"https:\/\/www.primorbox.eu\/\",\"name\":\"Primor Box\",\"description\":\"\",\"potentialAction\":[{\"@type\":\"SearchAction\",\"target\":{\"@type\":\"EntryPoint\",\"urlTemplate\":\"https:\/\/www.primorbox.eu\/?s={search_term_string}\"},\"query-input\":{\"@type\":\"PropertyValueSpecification\",\"valueRequired\":true,\"valueName\":\"search_term_string\"}}],\"inLanguage\":\"it-IT\"}]}<\/script>\n<!-- \/ Yoast SEO plugin. -->","yoast_head_json":{"title":"Calendario de Adviento Premium Primor - Primor Box","description":"\u00a1Ya est\u00e1 aqu\u00ed el primer Calendario de Adviento de Primor! Haz de la cuenta atr\u00e1s hasta Navidad una dulce espera con 24 sorpresas valoradas en m\u00e1s de 100\u20ac...","robots":{"index":"index","follow":"follow","max-snippet":"max-snippet:-1","max-image-preview":"max-image-preview:large","max-video-preview":"max-video-preview:-1"},"canonical":"https:\/\/www.primorbox.eu\/it-it\/product-2\/calendario-de-adviento-premium\/","og_locale":"it_IT","og_type":"article","og_title":"Calendario de Adviento Premium Primor - Primor Box","og_description":"\u00a1Ya est\u00e1 aqu\u00ed el primer Calendario de Adviento de Primor! Haz de la cuenta atr\u00e1s hasta Navidad una dulce espera con 24 sorpresas valoradas en m\u00e1s de 100\u20ac...","og_url":"https:\/\/www.primorbox.eu\/it-it\/product-2\/calendario-de-adviento-premium\/","og_site_name":"Primor Box","article_modified_time":"2026-04-13T07:39:53+00:00","og_image":[{"width":600,"height":600,"url":"https:\/\/www.primorbox.eu\/wp-content\/uploads\/2025\/10\/ficha-producto-SIN-LOGOS-600X600.jpg","type":"image\/jpeg"}],"twitter_card":"summary_large_image","twitter_misc":{"Tempo di lettura stimato":"2 minuti"},"schema":{"@context":"https:\/\/schema.org","@graph":[{"@type":"WebPage","@id":"https:\/\/www.primorbox.eu\/producto\/calendario-de-adviento-premium\/","url":"https:\/\/www.primorbox.eu\/producto\/calendario-de-adviento-premium\/","name":"Calendario de Adviento Premium Primor - Primor Box","isPartOf":{"@id":"https:\/\/www.primorbox.eu\/#website"},"primaryImageOfPage":{"@id":"https:\/\/www.primorbox.eu\/producto\/calendario-de-adviento-premium\/#primaryimage"},"image":{"@id":"https:\/\/www.primorbox.eu\/producto\/calendario-de-adviento-premium\/#primaryimage"},"thumbnailUrl":"https:\/\/www.primorbox.eu\/wp-content\/uploads\/2025\/10\/ficha-producto-SIN-LOGOS-600X600.jpg","datePublished":"2025-10-08T16:18:06+00:00","dateModified":"2026-04-13T07:39:53+00:00","description":"\u00a1Ya est\u00e1 aqu\u00ed el primer Calendario de Adviento de Primor! Haz de la cuenta atr\u00e1s hasta Navidad una dulce espera con 24 sorpresas valoradas en m\u00e1s de 100\u20ac...","breadcrumb":{"@id":"https:\/\/www.primorbox.eu\/producto\/calendario-de-adviento-premium\/#breadcrumb"},"inLanguage":"it-IT","potentialAction":[{"@type":"ReadAction","target":["https:\/\/www.primorbox.eu\/producto\/calendario-de-adviento-premium\/"]}]},{"@type":"ImageObject","inLanguage":"it-IT","@id":"https:\/\/www.primorbox.eu\/producto\/calendario-de-adviento-premium\/#primaryimage","url":"https:\/\/www.primorbox.eu\/wp-content\/uploads\/2025\/10\/ficha-producto-SIN-LOGOS-600X600.jpg","contentUrl":"https:\/\/www.primorbox.eu\/wp-content\/uploads\/2025\/10\/ficha-producto-SIN-LOGOS-600X600.jpg","width":600,"height":600},{"@type":"BreadcrumbList","@id":"https:\/\/www.primorbox.eu\/producto\/calendario-de-adviento-premium\/#breadcrumb","itemListElement":[{"@type":"ListItem","position":1,"name":"Portada","item":"https:\/\/www.primorbox.eu\/"},{"@type":"ListItem","position":2,"name":"Tienda","item":"https:\/\/www.primorbox.eu\/tienda\/"},{"@type":"ListItem","position":3,"name":"Calendario de Adviento Premium Primor"}]},{"@type":"WebSite","@id":"https:\/\/www.primorbox.eu\/#website","url":"https:\/\/www.primorbox.eu\/","name":"Primor Box","description":"","potentialAction":[{"@type":"SearchAction","target":{"@type":"EntryPoint","urlTemplate":"https:\/\/www.primorbox.eu\/?s={search_term_string}"},"query-input":{"@type":"PropertyValueSpecification","valueRequired":true,"valueName":"search_term_string"}}],"inLanguage":"it-IT"}]}},"_links":{"self":[{"href":"https:\/\/www.primorbox.eu\/it-it\/wp-json\/wp\/v2\/product\/596236","targetHints":{"allow":["GET"]}}],"collection":[{"href":"https:\/\/www.primorbox.eu\/it-it\/wp-json\/wp\/v2\/product"}],"about":[{"href":"https:\/\/www.primorbox.eu\/it-it\/wp-json\/wp\/v2\/types\/product"}],"wp:featuredmedia":[{"embeddable":true,"href":"https:\/\/www.primorbox.eu\/it-it\/wp-json\/wp\/v2\/media\/608175"}],"wp:attachment":[{"href":"https:\/\/www.primorbox.eu\/it-it\/wp-json\/wp\/v2\/media?parent=596236"}],"wp:term":[{"taxonomy":"product_brand","embeddable":true,"href":"https:\/\/www.primorbox.eu\/it-it\/wp-json\/wp\/v2\/product_brand?post=596236"},{"taxonomy":"product_cat","embeddable":true,"href":"https:\/\/www.primorbox.eu\/it-it\/wp-json\/wp\/v2\/product_cat?post=596236"},{"taxonomy":"product_tag","embeddable":true,"href":"https:\/\/www.primorbox.eu\/it-it\/wp-json\/wp\/v2\/product_tag?post=596236"}],"curies":[{"name":"wp","href":"https:\/\/api.w.org\/{rel}","templated":true}]}}