{"id":308,"date":"2021-11-23T18:21:35","date_gmt":"2021-11-23T18:21:35","guid":{"rendered":"https:\/\/www.primorbox.eu\/?post_type=product&#038;p=308"},"modified":"2026-04-03T08:00:40","modified_gmt":"2026-04-03T08:00:40","slug":"primorbox-2","status":"publish","type":"product","link":"https:\/\/www.primorbox.eu\/it-it\/product-2\/primorbox-2\/","title":{"rendered":"Primor Box"},"content":{"rendered":"<p><strong>PRIMOR BOX<\/strong> Si tratta di box in abbonamento mensile di Primor che includono prodotti pensati per le donne (make-up, profumeria, cosmetici, cura della persona e parafarmacia).<\/p>\n<p class=\"translation-block\">Con <strong>un abbonamento di 11,99 \u20ac\/mese <\/strong>riceverai una Primor Box ogni mese con tutte le <strong>ultime novit\u00e0 in fatto di make-up, profumeria, cosmetici, cura della persona e parafarmacia.<\/strong> Ogni box contiene un minimo di 6 prodotti per un valore totale superiore a 20 \u20ac senza obbligo di permanenza. Le spedizioni vengono effettuate all'inizio del mese.<\/p>","protected":false},"excerpt":{"rendered":"<p>Una Primor Box \u00e8 un mix di 6-8 prodotti in formato vendita o in formato mini di qualit\u00e0.<\/p>\n<p>Nella scatola sono inclusi vari prodotti di make-up, profumeria, cosmetici, cura della persona, parafarmacia ed accessori.<\/p>\n<p><strong>Iscriviti alla beauty box di Primor!<\/strong><\/p>","protected":false},"featured_media":485201,"template":"","meta":{"site-sidebar-layout":"default","site-content-layout":"default","ast-site-content-layout":"default","site-content-style":"default","site-sidebar-style":"default","ast-global-header-display":"","ast-banner-title-visibility":"","ast-main-header-display":"","ast-hfb-above-header-display":"","ast-hfb-below-header-display":"","ast-hfb-mobile-header-display":"","site-post-title":"","ast-breadcrumbs-content":"","ast-featured-img":"","footer-sml-layout":"","ast-disable-related-posts":"","theme-transparent-header-meta":"default","adv-header-id-meta":"","stick-header-meta":"","header-above-stick-meta":"","header-main-stick-meta":"","header-below-stick-meta":"","astra-migrate-meta-layouts":"set","ast-page-background-enabled":"default","ast-page-background-meta":{"desktop":{"background-color":"var(--ast-global-color-4)","background-image":"","background-repeat":"repeat","background-position":"center center","background-size":"auto","background-attachment":"scroll","background-type":"","background-media":"","overlay-type":"","overlay-color":"","overlay-opacity":"","overlay-gradient":""},"tablet":{"background-color":"","background-image":"","background-repeat":"repeat","background-position":"center center","background-size":"auto","background-attachment":"scroll","background-type":"","background-media":"","overlay-type":"","overlay-color":"","overlay-opacity":"","overlay-gradient":""},"mobile":{"background-color":"","background-image":"","background-repeat":"repeat","background-position":"center center","background-size":"auto","background-attachment":"scroll","background-type":"","background-media":"","overlay-type":"","overlay-color":"","overlay-opacity":"","overlay-gradient":""}},"ast-content-background-meta":{"desktop":{"background-color":"var(--ast-global-color-5)","background-image":"","background-repeat":"repeat","background-position":"center center","background-size":"auto","background-attachment":"scroll","background-type":"","background-media":"","overlay-type":"","overlay-color":"","overlay-opacity":"","overlay-gradient":""},"tablet":{"background-color":"var(--ast-global-color-5)","background-image":"","background-repeat":"repeat","background-position":"center center","background-size":"auto","background-attachment":"scroll","background-type":"","background-media":"","overlay-type":"","overlay-color":"","overlay-opacity":"","overlay-gradient":""},"mobile":{"background-color":"var(--ast-global-color-5)","background-image":"","background-repeat":"repeat","background-position":"center center","background-size":"auto","background-attachment":"scroll","background-type":"","background-media":"","overlay-type":"","overlay-color":"","overlay-opacity":"","overlay-gradient":""}}},"product_brand":[],"product_cat":[15],"product_tag":[],"class_list":{"0":"post-308","1":"product","2":"type-product","3":"status-publish","4":"has-post-thumbnail","6":"product_cat-sin-categorizar","7":"desktop-align-left","8":"tablet-align-left","9":"mobile-align-left","11":"first","12":"instock","13":"sold-individually","14":"taxable","15":"shipping-taxable","16":"purchasable","17":"product-type-subscription"},"yoast_head":"<!-- This site is optimized with the Yoast SEO plugin v26.6 - https:\/\/yoast.com\/wordpress\/plugins\/seo\/ -->\n<title>Primor Box - Primor Box<\/title>\n<meta name=\"robots\" content=\"index, follow, max-snippet:-1, max-image-preview:large, max-video-preview:-1\" \/>\n<link rel=\"canonical\" href=\"https:\/\/www.primorbox.eu\/it-it\/product-2\/primorbox-2\/\" \/>\n<meta property=\"og:locale\" content=\"it_IT\" \/>\n<meta property=\"og:type\" content=\"article\" \/>\n<meta property=\"og:title\" content=\"Primor Box - Primor Box\" \/>\n<meta property=\"og:description\" content=\"Una Primor Box es una combinaci\u00f3n entre 6 y 8 productos tama\u00f1o venta o mini tallas cualitativas.  En la cajita incluimos productos variados de maquillaje, perfumer\u00eda, cosm\u00e9tica, cuidado personal, parafarmacia y accesorios.  \u00a1Suscr\u00edbete a la caja de belleza de Primor!\" \/>\n<meta property=\"og:url\" content=\"https:\/\/www.primorbox.eu\/it-it\/product-2\/primorbox-2\/\" \/>\n<meta property=\"og:site_name\" content=\"Primor Box\" \/>\n<meta property=\"article:modified_time\" content=\"2026-04-03T08:00:40+00:00\" \/>\n<meta property=\"og:image\" content=\"https:\/\/www.primorbox.eu\/wp-content\/uploads\/2021\/11\/Primor-Box-suscripcion.jpg\" \/>\n\t<meta property=\"og:image:width\" content=\"600\" \/>\n\t<meta property=\"og:image:height\" content=\"600\" \/>\n\t<meta property=\"og:image:type\" content=\"image\/jpeg\" \/>\n<meta name=\"twitter:card\" content=\"summary_large_image\" \/>\n<meta name=\"twitter:label1\" content=\"Tempo di lettura stimato\" \/>\n\t<meta name=\"twitter:data1\" content=\"1 minuto\" \/>\n<script type=\"application\/ld+json\" class=\"yoast-schema-graph\">{\"@context\":\"https:\/\/schema.org\",\"@graph\":[{\"@type\":\"WebPage\",\"@id\":\"https:\/\/www.primorbox.eu\/producto\/primorbox-2\/\",\"url\":\"https:\/\/www.primorbox.eu\/producto\/primorbox-2\/\",\"name\":\"Primor Box - Primor Box\",\"isPartOf\":{\"@id\":\"https:\/\/www.primorbox.eu\/#website\"},\"primaryImageOfPage\":{\"@id\":\"https:\/\/www.primorbox.eu\/producto\/primorbox-2\/#primaryimage\"},\"image\":{\"@id\":\"https:\/\/www.primorbox.eu\/producto\/primorbox-2\/#primaryimage\"},\"thumbnailUrl\":\"https:\/\/www.primorbox.eu\/wp-content\/uploads\/2021\/11\/Primor-Box-suscripcion.jpg\",\"datePublished\":\"2021-11-23T18:21:35+00:00\",\"dateModified\":\"2026-04-03T08:00:40+00:00\",\"breadcrumb\":{\"@id\":\"https:\/\/www.primorbox.eu\/producto\/primorbox-2\/#breadcrumb\"},\"inLanguage\":\"it-IT\",\"potentialAction\":[{\"@type\":\"ReadAction\",\"target\":[\"https:\/\/www.primorbox.eu\/producto\/primorbox-2\/\"]}]},{\"@type\":\"ImageObject\",\"inLanguage\":\"it-IT\",\"@id\":\"https:\/\/www.primorbox.eu\/producto\/primorbox-2\/#primaryimage\",\"url\":\"https:\/\/www.primorbox.eu\/wp-content\/uploads\/2021\/11\/Primor-Box-suscripcion.jpg\",\"contentUrl\":\"https:\/\/www.primorbox.eu\/wp-content\/uploads\/2021\/11\/Primor-Box-suscripcion.jpg\",\"width\":600,\"height\":600},{\"@type\":\"BreadcrumbList\",\"@id\":\"https:\/\/www.primorbox.eu\/producto\/primorbox-2\/#breadcrumb\",\"itemListElement\":[{\"@type\":\"ListItem\",\"position\":1,\"name\":\"Portada\",\"item\":\"https:\/\/www.primorbox.eu\/\"},{\"@type\":\"ListItem\",\"position\":2,\"name\":\"Tienda\",\"item\":\"https:\/\/www.primorbox.eu\/tienda\/\"},{\"@type\":\"ListItem\",\"position\":3,\"name\":\"Primor Box\"}]},{\"@type\":\"WebSite\",\"@id\":\"https:\/\/www.primorbox.eu\/#website\",\"url\":\"https:\/\/www.primorbox.eu\/\",\"name\":\"Primor Box\",\"description\":\"\",\"potentialAction\":[{\"@type\":\"SearchAction\",\"target\":{\"@type\":\"EntryPoint\",\"urlTemplate\":\"https:\/\/www.primorbox.eu\/?s={search_term_string}\"},\"query-input\":{\"@type\":\"PropertyValueSpecification\",\"valueRequired\":true,\"valueName\":\"search_term_string\"}}],\"inLanguage\":\"it-IT\"}]}<\/script>\n<!-- \/ Yoast SEO plugin. -->","yoast_head_json":{"title":"Primor Box - Primor Box","robots":{"index":"index","follow":"follow","max-snippet":"max-snippet:-1","max-image-preview":"max-image-preview:large","max-video-preview":"max-video-preview:-1"},"canonical":"https:\/\/www.primorbox.eu\/it-it\/product-2\/primorbox-2\/","og_locale":"it_IT","og_type":"article","og_title":"Primor Box - Primor Box","og_description":"Una Primor Box es una combinaci\u00f3n entre 6 y 8 productos tama\u00f1o venta o mini tallas cualitativas.  En la cajita incluimos productos variados de maquillaje, perfumer\u00eda, cosm\u00e9tica, cuidado personal, parafarmacia y accesorios.  \u00a1Suscr\u00edbete a la caja de belleza de Primor!","og_url":"https:\/\/www.primorbox.eu\/it-it\/product-2\/primorbox-2\/","og_site_name":"Primor Box","article_modified_time":"2026-04-03T08:00:40+00:00","og_image":[{"width":600,"height":600,"url":"https:\/\/www.primorbox.eu\/wp-content\/uploads\/2021\/11\/Primor-Box-suscripcion.jpg","type":"image\/jpeg"}],"twitter_card":"summary_large_image","twitter_misc":{"Tempo di lettura stimato":"1 minuto"},"schema":{"@context":"https:\/\/schema.org","@graph":[{"@type":"WebPage","@id":"https:\/\/www.primorbox.eu\/producto\/primorbox-2\/","url":"https:\/\/www.primorbox.eu\/producto\/primorbox-2\/","name":"Primor Box - Primor Box","isPartOf":{"@id":"https:\/\/www.primorbox.eu\/#website"},"primaryImageOfPage":{"@id":"https:\/\/www.primorbox.eu\/producto\/primorbox-2\/#primaryimage"},"image":{"@id":"https:\/\/www.primorbox.eu\/producto\/primorbox-2\/#primaryimage"},"thumbnailUrl":"https:\/\/www.primorbox.eu\/wp-content\/uploads\/2021\/11\/Primor-Box-suscripcion.jpg","datePublished":"2021-11-23T18:21:35+00:00","dateModified":"2026-04-03T08:00:40+00:00","breadcrumb":{"@id":"https:\/\/www.primorbox.eu\/producto\/primorbox-2\/#breadcrumb"},"inLanguage":"it-IT","potentialAction":[{"@type":"ReadAction","target":["https:\/\/www.primorbox.eu\/producto\/primorbox-2\/"]}]},{"@type":"ImageObject","inLanguage":"it-IT","@id":"https:\/\/www.primorbox.eu\/producto\/primorbox-2\/#primaryimage","url":"https:\/\/www.primorbox.eu\/wp-content\/uploads\/2021\/11\/Primor-Box-suscripcion.jpg","contentUrl":"https:\/\/www.primorbox.eu\/wp-content\/uploads\/2021\/11\/Primor-Box-suscripcion.jpg","width":600,"height":600},{"@type":"BreadcrumbList","@id":"https:\/\/www.primorbox.eu\/producto\/primorbox-2\/#breadcrumb","itemListElement":[{"@type":"ListItem","position":1,"name":"Portada","item":"https:\/\/www.primorbox.eu\/"},{"@type":"ListItem","position":2,"name":"Tienda","item":"https:\/\/www.primorbox.eu\/tienda\/"},{"@type":"ListItem","position":3,"name":"Primor Box"}]},{"@type":"WebSite","@id":"https:\/\/www.primorbox.eu\/#website","url":"https:\/\/www.primorbox.eu\/","name":"Primor Box","description":"","potentialAction":[{"@type":"SearchAction","target":{"@type":"EntryPoint","urlTemplate":"https:\/\/www.primorbox.eu\/?s={search_term_string}"},"query-input":{"@type":"PropertyValueSpecification","valueRequired":true,"valueName":"search_term_string"}}],"inLanguage":"it-IT"}]}},"_links":{"self":[{"href":"https:\/\/www.primorbox.eu\/it-it\/wp-json\/wp\/v2\/product\/308","targetHints":{"allow":["GET"]}}],"collection":[{"href":"https:\/\/www.primorbox.eu\/it-it\/wp-json\/wp\/v2\/product"}],"about":[{"href":"https:\/\/www.primorbox.eu\/it-it\/wp-json\/wp\/v2\/types\/product"}],"wp:featuredmedia":[{"embeddable":true,"href":"https:\/\/www.primorbox.eu\/it-it\/wp-json\/wp\/v2\/media\/485201"}],"wp:attachment":[{"href":"https:\/\/www.primorbox.eu\/it-it\/wp-json\/wp\/v2\/media?parent=308"}],"wp:term":[{"taxonomy":"product_brand","embeddable":true,"href":"https:\/\/www.primorbox.eu\/it-it\/wp-json\/wp\/v2\/product_brand?post=308"},{"taxonomy":"product_cat","embeddable":true,"href":"https:\/\/www.primorbox.eu\/it-it\/wp-json\/wp\/v2\/product_cat?post=308"},{"taxonomy":"product_tag","embeddable":true,"href":"https:\/\/www.primorbox.eu\/it-it\/wp-json\/wp\/v2\/product_tag?post=308"}],"curies":[{"name":"wp","href":"https:\/\/api.w.org\/{rel}","templated":true}]}}