{"id":198821,"date":"2023-10-06T10:28:04","date_gmt":"2023-10-06T10:28:04","guid":{"rendered":"https:\/\/www.primorbox.eu\/?post_type=product&#038;p=198821"},"modified":"2026-04-10T05:17:12","modified_gmt":"2026-04-10T05:17:12","slug":"calendario-dell-avvento-primor","status":"publish","type":"product","link":"https:\/\/www.primorbox.eu\/it-it\/product-2\/calendario-dell-avvento-primor\/","title":{"rendered":"Calendario Adviento Primor 2025"},"content":{"rendered":"<p><em>SURPRISE, SURPRISE, SURPRISE!!!<\/em><\/p>\n<p>\u00a1Ya est\u00e1 aqu\u00ed el tan esperado\u00a0<strong>Calendario de Adviento de Primor 2025<\/strong>!<\/p>\n<p>Haz que la cuenta atr\u00e1s hasta Navidad sea una dulce espera con nuestro s\u00faper calendario beauty XXL en el que encontrar\u00e1s 25 productos entre los que figuran tallas en tama\u00f1o venta y miniaturas exclusivas con un valor aproximado de m\u00e1s de 100\u20ac.<\/p>\n<p>En el interior de estas cajitas encontrar\u00e1s\u00a0<strong>cosm\u00e9ticos, maquillaje, higiene, producto para el cabello, parafarmacia y perfumes<\/strong>\u00a0de los cu\u00e1les 6 te desvelaremos antes de tiempo y 19 ser\u00e1n una aut\u00e9ntica sorpresa. \u00a1El mejor regalo te espera antes de Navidad!<\/p>\n<p>Eso s\u00ed, recuerda que no vale hacer trampas. Si quieres vivir est\u00e1 experiencia al m\u00e1ximo solo podr\u00e1s abrir una cajita al d\u00eda comenzando por el n\u00famero 1.<\/p>\n<p>Y para que puedas resistir a la tentaci\u00f3n, aqu\u00ed tienes un adelanto de algunos de los\u00a0<strong>productos que contiene nuestro calendario<\/strong>:<\/p>\n<ul>\n<li>S\u00e9rum Epigenetics 15ml<\/li>\n<li>Revolution Relove Iluminador l\u00edquido Glow Up Heaven Sent <em>(tama\u00f1o venta)<\/em><\/li>\n<li>Lamellar Shine S\u00e9rum-Crema Sin Aclarado 200ml<\/li>\n<li>Starnight Eau de Parfum 30ml<\/li>\n<li>Cerave Loci\u00f3n Hidratante para Rostro y Cuerpo 88ml<\/li>\n<li>Airblush Colorete brillo Catrice <em>(tama\u00f1o venta)<\/em><\/li>\n<\/ul>\n<p>\u00a1Todo esto m\u00e1s\u00a0<strong>19 sorpresas que te esperan por descubrir<\/strong>!<\/p>\n<p>Si quieres disfrutar de la cuenta atr\u00e1s hasta Navidad o necesitas un regalo perfecto para tu amigo invisible, el<strong>\u00a0Calendario de Adviento de Primor<\/strong>\u00a0es perfecto para ti.<\/p>\n<p>\u00a1Recuerda que son\u00a0<strong>unidades limitadas<\/strong>!<\/p>","protected":false},"excerpt":{"rendered":"<p>\u00a1Ya est\u00e1 aqu\u00ed el tan esperado\u00a0<strong>Calendario de Adviento de Primor 2025<\/strong>! Haz que la cuenta atr\u00e1s hasta Navidad sea una dulce espera con nuestro s\u00faper calendario beauty XXL en el que encontrar\u00e1s 25 productos. \u00a1Recuerda que son\u00a0<strong>unidades limitadas<\/strong>!<\/p>","protected":false},"featured_media":597024,"template":"","meta":{"site-sidebar-layout":"default","site-content-layout":"default","ast-site-content-layout":"default","site-content-style":"default","site-sidebar-style":"default","ast-global-header-display":"","ast-banner-title-visibility":"","ast-main-header-display":"","ast-hfb-above-header-display":"","ast-hfb-below-header-display":"","ast-hfb-mobile-header-display":"","site-post-title":"","ast-breadcrumbs-content":"","ast-featured-img":"","footer-sml-layout":"","ast-disable-related-posts":"","theme-transparent-header-meta":"default","adv-header-id-meta":"","stick-header-meta":"","header-above-stick-meta":"","header-main-stick-meta":"","header-below-stick-meta":"","astra-migrate-meta-layouts":"set","ast-page-background-enabled":"default","ast-page-background-meta":{"desktop":{"background-color":"var(--ast-global-color-4)","background-image":"","background-repeat":"repeat","background-position":"center center","background-size":"auto","background-attachment":"scroll","background-type":"","background-media":"","overlay-type":"","overlay-color":"","overlay-opacity":"","overlay-gradient":""},"tablet":{"background-color":"","background-image":"","background-repeat":"repeat","background-position":"center center","background-size":"auto","background-attachment":"scroll","background-type":"","background-media":"","overlay-type":"","overlay-color":"","overlay-opacity":"","overlay-gradient":""},"mobile":{"background-color":"","background-image":"","background-repeat":"repeat","background-position":"center center","background-size":"auto","background-attachment":"scroll","background-type":"","background-media":"","overlay-type":"","overlay-color":"","overlay-opacity":"","overlay-gradient":""}},"ast-content-background-meta":{"desktop":{"background-color":"var(--ast-global-color-5)","background-image":"","background-repeat":"repeat","background-position":"center center","background-size":"auto","background-attachment":"scroll","background-type":"","background-media":"","overlay-type":"","overlay-color":"","overlay-opacity":"","overlay-gradient":""},"tablet":{"background-color":"var(--ast-global-color-5)","background-image":"","background-repeat":"repeat","background-position":"center center","background-size":"auto","background-attachment":"scroll","background-type":"","background-media":"","overlay-type":"","overlay-color":"","overlay-opacity":"","overlay-gradient":""},"mobile":{"background-color":"var(--ast-global-color-5)","background-image":"","background-repeat":"repeat","background-position":"center center","background-size":"auto","background-attachment":"scroll","background-type":"","background-media":"","overlay-type":"","overlay-color":"","overlay-opacity":"","overlay-gradient":""}}},"product_brand":[],"product_cat":[15],"product_tag":[],"class_list":{"0":"post-198821","1":"product","2":"type-product","3":"status-publish","4":"has-post-thumbnail","6":"product_cat-sin-categorizar","7":"desktop-align-left","8":"tablet-align-left","9":"mobile-align-left","11":"first","12":"outofstock","13":"taxable","14":"shipping-taxable","15":"purchasable","16":"product-type-simple"},"yoast_head":"<!-- This site is optimized with the Yoast SEO plugin v27.5 - https:\/\/yoast.com\/product\/yoast-seo-wordpress\/ -->\n<title>Calendario Adviento Primor 2025 - Primor Box<\/title>\n<meta name=\"description\" content=\"\u00a1Ya est\u00e1 aqu\u00ed el primer Calendario de Adviento de Primor! Haz de la cuenta atr\u00e1s hasta Navidad una dulce espera con 24 sorpresas valoradas en m\u00e1s de 100\u20ac...\" \/>\n<meta name=\"robots\" content=\"index, follow, max-snippet:-1, max-image-preview:large, max-video-preview:-1\" \/>\n<link rel=\"canonical\" href=\"https:\/\/www.primorbox.eu\/it-it\/product-2\/calendario-dell-avvento-primor\/\" \/>\n<meta property=\"og:locale\" content=\"it_IT\" \/>\n<meta property=\"og:type\" content=\"article\" \/>\n<meta property=\"og:title\" content=\"Calendario Adviento Primor 2025 - Primor Box\" \/>\n<meta property=\"og:description\" content=\"\u00a1Ya est\u00e1 aqu\u00ed el primer Calendario de Adviento de Primor! Haz de la cuenta atr\u00e1s hasta Navidad una dulce espera con 24 sorpresas valoradas en m\u00e1s de 100\u20ac...\" \/>\n<meta property=\"og:url\" content=\"https:\/\/www.primorbox.eu\/it-it\/product-2\/calendario-dell-avvento-primor\/\" \/>\n<meta property=\"og:site_name\" content=\"Primor Box\" \/>\n<meta property=\"article:modified_time\" content=\"2026-04-10T05:17:12+00:00\" \/>\n<meta property=\"og:image\" content=\"https:\/\/www.primorbox.eu\/wp-content\/uploads\/2023\/10\/ficha-producto-SIN-LOGOS-600X600.jpg\" \/>\n\t<meta property=\"og:image:width\" content=\"600\" \/>\n\t<meta property=\"og:image:height\" content=\"600\" \/>\n\t<meta property=\"og:image:type\" content=\"image\/jpeg\" \/>\n<meta name=\"twitter:card\" content=\"summary_large_image\" \/>\n<meta name=\"twitter:label1\" content=\"Tempo di lettura stimato\" \/>\n\t<meta name=\"twitter:data1\" content=\"2 minuti\" \/>\n<script type=\"application\/ld+json\" class=\"yoast-schema-graph\">{\"@context\":\"https:\\\/\\\/schema.org\",\"@graph\":[{\"@type\":\"WebPage\",\"@id\":\"https:\\\/\\\/www.primorbox.eu\\\/producto\\\/calendario-adviento-primor\\\/\",\"url\":\"https:\\\/\\\/www.primorbox.eu\\\/producto\\\/calendario-adviento-primor\\\/\",\"name\":\"Calendario Adviento Primor 2025 - Primor Box\",\"isPartOf\":{\"@id\":\"https:\\\/\\\/www.primorbox.eu\\\/#website\"},\"primaryImageOfPage\":{\"@id\":\"https:\\\/\\\/www.primorbox.eu\\\/producto\\\/calendario-adviento-primor\\\/#primaryimage\"},\"image\":{\"@id\":\"https:\\\/\\\/www.primorbox.eu\\\/producto\\\/calendario-adviento-primor\\\/#primaryimage\"},\"thumbnailUrl\":\"https:\\\/\\\/www.primorbox.eu\\\/wp-content\\\/uploads\\\/2023\\\/10\\\/ficha-producto-SIN-LOGOS-600X600.jpg\",\"datePublished\":\"2023-10-06T10:28:04+00:00\",\"dateModified\":\"2026-04-10T05:17:12+00:00\",\"description\":\"\u00a1Ya est\u00e1 aqu\u00ed el primer Calendario de Adviento de Primor! Haz de la cuenta atr\u00e1s hasta Navidad una dulce espera con 24 sorpresas valoradas en m\u00e1s de 100\u20ac...\",\"breadcrumb\":{\"@id\":\"https:\\\/\\\/www.primorbox.eu\\\/producto\\\/calendario-adviento-primor\\\/#breadcrumb\"},\"inLanguage\":\"it-IT\",\"potentialAction\":[{\"@type\":\"ReadAction\",\"target\":[\"https:\\\/\\\/www.primorbox.eu\\\/producto\\\/calendario-adviento-primor\\\/\"]}]},{\"@type\":\"ImageObject\",\"inLanguage\":\"it-IT\",\"@id\":\"https:\\\/\\\/www.primorbox.eu\\\/producto\\\/calendario-adviento-primor\\\/#primaryimage\",\"url\":\"https:\\\/\\\/www.primorbox.eu\\\/wp-content\\\/uploads\\\/2023\\\/10\\\/ficha-producto-SIN-LOGOS-600X600.jpg\",\"contentUrl\":\"https:\\\/\\\/www.primorbox.eu\\\/wp-content\\\/uploads\\\/2023\\\/10\\\/ficha-producto-SIN-LOGOS-600X600.jpg\",\"width\":600,\"height\":600},{\"@type\":\"BreadcrumbList\",\"@id\":\"https:\\\/\\\/www.primorbox.eu\\\/producto\\\/calendario-adviento-primor\\\/#breadcrumb\",\"itemListElement\":[{\"@type\":\"ListItem\",\"position\":1,\"name\":\"Portada\",\"item\":\"https:\\\/\\\/www.primorbox.eu\\\/\"},{\"@type\":\"ListItem\",\"position\":2,\"name\":\"Tienda\",\"item\":\"https:\\\/\\\/www.primorbox.eu\\\/tienda\\\/\"},{\"@type\":\"ListItem\",\"position\":3,\"name\":\"Calendario Adviento Primor 2025\"}]},{\"@type\":\"WebSite\",\"@id\":\"https:\\\/\\\/www.primorbox.eu\\\/#website\",\"url\":\"https:\\\/\\\/www.primorbox.eu\\\/\",\"name\":\"Primor Box\",\"description\":\"\",\"potentialAction\":[{\"@type\":\"SearchAction\",\"target\":{\"@type\":\"EntryPoint\",\"urlTemplate\":\"https:\\\/\\\/www.primorbox.eu\\\/?s={search_term_string}\"},\"query-input\":{\"@type\":\"PropertyValueSpecification\",\"valueRequired\":true,\"valueName\":\"search_term_string\"}}],\"inLanguage\":\"it-IT\"}]}<\/script>\n<!-- \/ Yoast SEO plugin. -->","yoast_head_json":{"title":"Calendario Adviento Primor 2025 - Primor Box","description":"\u00a1Ya est\u00e1 aqu\u00ed el primer Calendario de Adviento de Primor! Haz de la cuenta atr\u00e1s hasta Navidad una dulce espera con 24 sorpresas valoradas en m\u00e1s de 100\u20ac...","robots":{"index":"index","follow":"follow","max-snippet":"max-snippet:-1","max-image-preview":"max-image-preview:large","max-video-preview":"max-video-preview:-1"},"canonical":"https:\/\/www.primorbox.eu\/it-it\/product-2\/calendario-dell-avvento-primor\/","og_locale":"it_IT","og_type":"article","og_title":"Calendario Adviento Primor 2025 - Primor Box","og_description":"\u00a1Ya est\u00e1 aqu\u00ed el primer Calendario de Adviento de Primor! Haz de la cuenta atr\u00e1s hasta Navidad una dulce espera con 24 sorpresas valoradas en m\u00e1s de 100\u20ac...","og_url":"https:\/\/www.primorbox.eu\/it-it\/product-2\/calendario-dell-avvento-primor\/","og_site_name":"Primor Box","article_modified_time":"2026-04-10T05:17:12+00:00","og_image":[{"width":600,"height":600,"url":"https:\/\/www.primorbox.eu\/wp-content\/uploads\/2023\/10\/ficha-producto-SIN-LOGOS-600X600.jpg","type":"image\/jpeg"}],"twitter_card":"summary_large_image","twitter_misc":{"Tempo di lettura stimato":"2 minuti"},"schema":{"@context":"https:\/\/schema.org","@graph":[{"@type":"WebPage","@id":"https:\/\/www.primorbox.eu\/producto\/calendario-adviento-primor\/","url":"https:\/\/www.primorbox.eu\/producto\/calendario-adviento-primor\/","name":"Calendario Adviento Primor 2025 - Primor Box","isPartOf":{"@id":"https:\/\/www.primorbox.eu\/#website"},"primaryImageOfPage":{"@id":"https:\/\/www.primorbox.eu\/producto\/calendario-adviento-primor\/#primaryimage"},"image":{"@id":"https:\/\/www.primorbox.eu\/producto\/calendario-adviento-primor\/#primaryimage"},"thumbnailUrl":"https:\/\/www.primorbox.eu\/wp-content\/uploads\/2023\/10\/ficha-producto-SIN-LOGOS-600X600.jpg","datePublished":"2023-10-06T10:28:04+00:00","dateModified":"2026-04-10T05:17:12+00:00","description":"\u00a1Ya est\u00e1 aqu\u00ed el primer Calendario de Adviento de Primor! Haz de la cuenta atr\u00e1s hasta Navidad una dulce espera con 24 sorpresas valoradas en m\u00e1s de 100\u20ac...","breadcrumb":{"@id":"https:\/\/www.primorbox.eu\/producto\/calendario-adviento-primor\/#breadcrumb"},"inLanguage":"it-IT","potentialAction":[{"@type":"ReadAction","target":["https:\/\/www.primorbox.eu\/producto\/calendario-adviento-primor\/"]}]},{"@type":"ImageObject","inLanguage":"it-IT","@id":"https:\/\/www.primorbox.eu\/producto\/calendario-adviento-primor\/#primaryimage","url":"https:\/\/www.primorbox.eu\/wp-content\/uploads\/2023\/10\/ficha-producto-SIN-LOGOS-600X600.jpg","contentUrl":"https:\/\/www.primorbox.eu\/wp-content\/uploads\/2023\/10\/ficha-producto-SIN-LOGOS-600X600.jpg","width":600,"height":600},{"@type":"BreadcrumbList","@id":"https:\/\/www.primorbox.eu\/producto\/calendario-adviento-primor\/#breadcrumb","itemListElement":[{"@type":"ListItem","position":1,"name":"Portada","item":"https:\/\/www.primorbox.eu\/"},{"@type":"ListItem","position":2,"name":"Tienda","item":"https:\/\/www.primorbox.eu\/tienda\/"},{"@type":"ListItem","position":3,"name":"Calendario Adviento Primor 2025"}]},{"@type":"WebSite","@id":"https:\/\/www.primorbox.eu\/#website","url":"https:\/\/www.primorbox.eu\/","name":"Primor Box","description":"","potentialAction":[{"@type":"SearchAction","target":{"@type":"EntryPoint","urlTemplate":"https:\/\/www.primorbox.eu\/?s={search_term_string}"},"query-input":{"@type":"PropertyValueSpecification","valueRequired":true,"valueName":"search_term_string"}}],"inLanguage":"it-IT"}]}},"_links":{"self":[{"href":"https:\/\/www.primorbox.eu\/it-it\/wp-json\/wp\/v2\/product\/198821","targetHints":{"allow":["GET"]}}],"collection":[{"href":"https:\/\/www.primorbox.eu\/it-it\/wp-json\/wp\/v2\/product"}],"about":[{"href":"https:\/\/www.primorbox.eu\/it-it\/wp-json\/wp\/v2\/types\/product"}],"wp:featuredmedia":[{"embeddable":true,"href":"https:\/\/www.primorbox.eu\/it-it\/wp-json\/wp\/v2\/media\/597024"}],"wp:attachment":[{"href":"https:\/\/www.primorbox.eu\/it-it\/wp-json\/wp\/v2\/media?parent=198821"}],"wp:term":[{"taxonomy":"product_brand","embeddable":true,"href":"https:\/\/www.primorbox.eu\/it-it\/wp-json\/wp\/v2\/product_brand?post=198821"},{"taxonomy":"product_cat","embeddable":true,"href":"https:\/\/www.primorbox.eu\/it-it\/wp-json\/wp\/v2\/product_cat?post=198821"},{"taxonomy":"product_tag","embeddable":true,"href":"https:\/\/www.primorbox.eu\/it-it\/wp-json\/wp\/v2\/product_tag?post=198821"}],"curies":[{"name":"wp","href":"https:\/\/api.w.org\/{rel}","templated":true}]}}