{"id":93556,"date":"2022-10-29T18:19:41","date_gmt":"2022-10-29T18:19:41","guid":{"rendered":"https:\/\/www.primorbox.eu\/?page_id=93556"},"modified":"2022-11-11T11:02:50","modified_gmt":"2022-11-11T11:02:50","slug":"test-sondaggio","status":"publish","type":"page","link":"https:\/\/www.primorbox.eu\/it-it\/test-sondaggio\/","title":{"rendered":"test"},"content":{"rendered":"<div data-elementor-type=\"wp-page\" data-elementor-id=\"93556\" class=\"elementor elementor-93556\" data-elementor-post-type=\"page\">\n\t\t\t\t\t\t<section class=\"elementor-section elementor-top-section elementor-element elementor-element-18611402 elementor-section-boxed elementor-section-height-default elementor-section-height-default\" data-id=\"18611402\" data-element_type=\"section\">\n\t\t\t\t\t\t<div class=\"elementor-container elementor-column-gap-default\">\n\t\t\t\t\t<div class=\"elementor-column elementor-col-100 elementor-top-column elementor-element elementor-element-6c41fcd8\" data-id=\"6c41fcd8\" data-element_type=\"column\">\n\t\t\t<div class=\"elementor-widget-wrap elementor-element-populated\">\n\t\t\t\t\t\t<div class=\"elementor-element elementor-element-3c1cdb7 elementor-widget elementor-widget-spacer\" data-id=\"3c1cdb7\" data-element_type=\"widget\" data-widget_type=\"spacer.default\">\n\t\t\t\t<div class=\"elementor-widget-container\">\n\t\t\t\t\t\t\t<div class=\"elementor-spacer\">\n\t\t\t<div class=\"elementor-spacer-inner\"><\/div>\n\t\t<\/div>\n\t\t\t\t\t\t<\/div>\n\t\t\t\t<\/div>\n\t\t\t\t<div class=\"elementor-element elementor-element-e3d9a56 elementor-widget elementor-widget-text-editor\" data-id=\"e3d9a56\" data-element_type=\"widget\" data-widget_type=\"text-editor.default\">\n\t\t\t\t<div class=\"elementor-widget-container\">\n\t\t\t\t\t\t\t\t\t<p>Rellena esta breve encuesta con tu opini\u00f3n sobre<span style=\"color: #ff0000;\"> los productos que has recibido en la Primor Box de Octubre<\/span> antes del 13 de Noviembre. <strong>Anota tu correo electr\u00f3nico en el formulario del final<\/strong> y participar\u00e1s en un sorteo de una tarjeta regalo digital por valor de 50\u20ac en Primor. Entre las personas que cumplan los requisitos, se elegir\u00e1 un ganador, al que le comunicaremos el premio mediante el correo electr\u00f3nico que nos haya facilitado y que coincida con su email de suscripci\u00f3n \u00a1Muchas suerte!<\/p>\t\t\t\t\t\t\t\t<\/div>\n\t\t\t\t<\/div>\n\t\t\t\t\t<\/div>\n\t\t<\/div>\n\t\t\t\t\t<\/div>\n\t\t<\/section>\n\t\t\t\t<section class=\"elementor-section elementor-top-section elementor-element elementor-element-b54480a elementor-section-boxed elementor-section-height-default elementor-section-height-default\" data-id=\"b54480a\" data-element_type=\"section\">\n\t\t\t\t\t\t<div class=\"elementor-container elementor-column-gap-default\">\n\t\t\t\t\t<div class=\"elementor-column elementor-col-100 elementor-top-column elementor-element elementor-element-19c25f2\" data-id=\"19c25f2\" data-element_type=\"column\">\n\t\t\t<div class=\"elementor-widget-wrap elementor-element-populated\">\n\t\t\t\t\t\t<div class=\"elementor-element elementor-element-c0a0fc1 elementor-widget elementor-widget-spacer\" data-id=\"c0a0fc1\" data-element_type=\"widget\" data-widget_type=\"spacer.default\">\n\t\t\t\t<div class=\"elementor-widget-container\">\n\t\t\t\t\t\t\t<div class=\"elementor-spacer\">\n\t\t\t<div class=\"elementor-spacer-inner\"><\/div>\n\t\t<\/div>\n\t\t\t\t\t\t<\/div>\n\t\t\t\t<\/div>\n\t\t\t\t\t<\/div>\n\t\t<\/div>\n\t\t\t\t\t<\/div>\n\t\t<\/section>\n\t\t\t\t<\/div>","protected":false},"excerpt":{"rendered":"<p>Rellena esta breve encuesta con tu opini\u00f3n sobre los productos que has recibido en la Primor Box de Octubre antes del 13 de Noviembre. Anota tu correo electr\u00f3nico en el formulario del final y participar\u00e1s en un sorteo de una tarjeta regalo digital por valor de 50\u20ac en Primor. Entre las personas que cumplan los [&hellip;]<\/p>","protected":false},"author":1,"featured_media":0,"parent":0,"menu_order":0,"comment_status":"closed","ping_status":"closed","template":"elementor_header_footer","meta":{"site-sidebar-layout":"default","site-content-layout":"default","ast-site-content-layout":"default","site-content-style":"default","site-sidebar-style":"default","ast-global-header-display":"","ast-banner-title-visibility":"","ast-main-header-display":"","ast-hfb-above-header-display":"","ast-hfb-below-header-display":"","ast-hfb-mobile-header-display":"","site-post-title":"","ast-breadcrumbs-content":"","ast-featured-img":"","footer-sml-layout":"","ast-disable-related-posts":"","theme-transparent-header-meta":"default","adv-header-id-meta":"","stick-header-meta":"","header-above-stick-meta":"","header-main-stick-meta":"","header-below-stick-meta":"","astra-migrate-meta-layouts":"default","ast-page-background-enabled":"default","ast-page-background-meta":{"desktop":{"background-color":"var(--ast-global-color-4)","background-image":"","background-repeat":"repeat","background-position":"center center","background-size":"auto","background-attachment":"scroll","background-type":"","background-media":"","overlay-type":"","overlay-color":"","overlay-opacity":"","overlay-gradient":""},"tablet":{"background-color":"","background-image":"","background-repeat":"repeat","background-position":"center center","background-size":"auto","background-attachment":"scroll","background-type":"","background-media":"","overlay-type":"","overlay-color":"","overlay-opacity":"","overlay-gradient":""},"mobile":{"background-color":"","background-image":"","background-repeat":"repeat","background-position":"center center","background-size":"auto","background-attachment":"scroll","background-type":"","background-media":"","overlay-type":"","overlay-color":"","overlay-opacity":"","overlay-gradient":""}},"ast-content-background-meta":{"desktop":{"background-color":"var(--ast-global-color-5)","background-image":"","background-repeat":"repeat","background-position":"center center","background-size":"auto","background-attachment":"scroll","background-type":"","background-media":"","overlay-type":"","overlay-color":"","overlay-opacity":"","overlay-gradient":""},"tablet":{"background-color":"var(--ast-global-color-5)","background-image":"","background-repeat":"repeat","background-position":"center center","background-size":"auto","background-attachment":"scroll","background-type":"","background-media":"","overlay-type":"","overlay-color":"","overlay-opacity":"","overlay-gradient":""},"mobile":{"background-color":"var(--ast-global-color-5)","background-image":"","background-repeat":"repeat","background-position":"center center","background-size":"auto","background-attachment":"scroll","background-type":"","background-media":"","overlay-type":"","overlay-color":"","overlay-opacity":"","overlay-gradient":""}},"footnotes":""},"class_list":["post-93556","page","type-page","status-publish","hentry"],"yoast_head":"<!-- This site is optimized with the Yoast SEO plugin v26.6 - https:\/\/yoast.com\/wordpress\/plugins\/seo\/ -->\n<title>test - Primor Box<\/title>\n<meta name=\"robots\" content=\"index, follow, max-snippet:-1, max-image-preview:large, max-video-preview:-1\" \/>\n<link rel=\"canonical\" href=\"https:\/\/www.primorbox.eu\/it-it\/test-sondaggio\/\" \/>\n<meta property=\"og:locale\" content=\"it_IT\" \/>\n<meta property=\"og:type\" content=\"article\" \/>\n<meta property=\"og:title\" content=\"test - Primor Box\" \/>\n<meta property=\"og:description\" content=\"Rellena esta breve encuesta con tu opini\u00f3n sobre los productos que has recibido en la Primor Box de Octubre antes del 13 de Noviembre. Anota tu correo electr\u00f3nico en el formulario del final y participar\u00e1s en un sorteo de una tarjeta regalo digital por valor de 50\u20ac en Primor. Entre las personas que cumplan los [&hellip;]\" \/>\n<meta property=\"og:url\" content=\"https:\/\/www.primorbox.eu\/it-it\/test-sondaggio\/\" \/>\n<meta property=\"og:site_name\" content=\"Primor Box\" \/>\n<meta property=\"article:modified_time\" content=\"2022-11-11T11:02:50+00:00\" \/>\n<meta name=\"twitter:card\" content=\"summary_large_image\" \/>\n<meta name=\"twitter:label1\" content=\"Tempo di lettura stimato\" \/>\n\t<meta name=\"twitter:data1\" content=\"1 minuto\" \/>\n<script type=\"application\/ld+json\" class=\"yoast-schema-graph\">{\"@context\":\"https:\/\/schema.org\",\"@graph\":[{\"@type\":\"WebPage\",\"@id\":\"https:\/\/www.primorbox.eu\/test-encuesta\/\",\"url\":\"https:\/\/www.primorbox.eu\/test-encuesta\/\",\"name\":\"test - Primor Box\",\"isPartOf\":{\"@id\":\"https:\/\/www.primorbox.eu\/#website\"},\"datePublished\":\"2022-10-29T18:19:41+00:00\",\"dateModified\":\"2022-11-11T11:02:50+00:00\",\"breadcrumb\":{\"@id\":\"https:\/\/www.primorbox.eu\/test-encuesta\/#breadcrumb\"},\"inLanguage\":\"it-IT\",\"potentialAction\":[{\"@type\":\"ReadAction\",\"target\":[\"https:\/\/www.primorbox.eu\/test-encuesta\/\"]}]},{\"@type\":\"BreadcrumbList\",\"@id\":\"https:\/\/www.primorbox.eu\/test-encuesta\/#breadcrumb\",\"itemListElement\":[{\"@type\":\"ListItem\",\"position\":1,\"name\":\"Portada\",\"item\":\"https:\/\/www.primorbox.eu\/\"},{\"@type\":\"ListItem\",\"position\":2,\"name\":\"test\"}]},{\"@type\":\"WebSite\",\"@id\":\"https:\/\/www.primorbox.eu\/#website\",\"url\":\"https:\/\/www.primorbox.eu\/\",\"name\":\"Primor Box\",\"description\":\"\",\"potentialAction\":[{\"@type\":\"SearchAction\",\"target\":{\"@type\":\"EntryPoint\",\"urlTemplate\":\"https:\/\/www.primorbox.eu\/?s={search_term_string}\"},\"query-input\":{\"@type\":\"PropertyValueSpecification\",\"valueRequired\":true,\"valueName\":\"search_term_string\"}}],\"inLanguage\":\"it-IT\"}]}<\/script>\n<!-- \/ Yoast SEO plugin. -->","yoast_head_json":{"title":"test - Primor Box","robots":{"index":"index","follow":"follow","max-snippet":"max-snippet:-1","max-image-preview":"max-image-preview:large","max-video-preview":"max-video-preview:-1"},"canonical":"https:\/\/www.primorbox.eu\/it-it\/test-sondaggio\/","og_locale":"it_IT","og_type":"article","og_title":"test - Primor Box","og_description":"Rellena esta breve encuesta con tu opini\u00f3n sobre los productos que has recibido en la Primor Box de Octubre antes del 13 de Noviembre. Anota tu correo electr\u00f3nico en el formulario del final y participar\u00e1s en un sorteo de una tarjeta regalo digital por valor de 50\u20ac en Primor. Entre las personas que cumplan los [&hellip;]","og_url":"https:\/\/www.primorbox.eu\/it-it\/test-sondaggio\/","og_site_name":"Primor Box","article_modified_time":"2022-11-11T11:02:50+00:00","twitter_card":"summary_large_image","twitter_misc":{"Tempo di lettura stimato":"1 minuto"},"schema":{"@context":"https:\/\/schema.org","@graph":[{"@type":"WebPage","@id":"https:\/\/www.primorbox.eu\/test-encuesta\/","url":"https:\/\/www.primorbox.eu\/test-encuesta\/","name":"test - Primor Box","isPartOf":{"@id":"https:\/\/www.primorbox.eu\/#website"},"datePublished":"2022-10-29T18:19:41+00:00","dateModified":"2022-11-11T11:02:50+00:00","breadcrumb":{"@id":"https:\/\/www.primorbox.eu\/test-encuesta\/#breadcrumb"},"inLanguage":"it-IT","potentialAction":[{"@type":"ReadAction","target":["https:\/\/www.primorbox.eu\/test-encuesta\/"]}]},{"@type":"BreadcrumbList","@id":"https:\/\/www.primorbox.eu\/test-encuesta\/#breadcrumb","itemListElement":[{"@type":"ListItem","position":1,"name":"Portada","item":"https:\/\/www.primorbox.eu\/"},{"@type":"ListItem","position":2,"name":"test"}]},{"@type":"WebSite","@id":"https:\/\/www.primorbox.eu\/#website","url":"https:\/\/www.primorbox.eu\/","name":"Primor Box","description":"","potentialAction":[{"@type":"SearchAction","target":{"@type":"EntryPoint","urlTemplate":"https:\/\/www.primorbox.eu\/?s={search_term_string}"},"query-input":{"@type":"PropertyValueSpecification","valueRequired":true,"valueName":"search_term_string"}}],"inLanguage":"it-IT"}]}},"_links":{"self":[{"href":"https:\/\/www.primorbox.eu\/it-it\/wp-json\/wp\/v2\/pages\/93556","targetHints":{"allow":["GET"]}}],"collection":[{"href":"https:\/\/www.primorbox.eu\/it-it\/wp-json\/wp\/v2\/pages"}],"about":[{"href":"https:\/\/www.primorbox.eu\/it-it\/wp-json\/wp\/v2\/types\/page"}],"author":[{"embeddable":true,"href":"https:\/\/www.primorbox.eu\/it-it\/wp-json\/wp\/v2\/users\/1"}],"replies":[{"embeddable":true,"href":"https:\/\/www.primorbox.eu\/it-it\/wp-json\/wp\/v2\/comments?post=93556"}],"version-history":[{"count":10,"href":"https:\/\/www.primorbox.eu\/it-it\/wp-json\/wp\/v2\/pages\/93556\/revisions"}],"predecessor-version":[{"id":100674,"href":"https:\/\/www.primorbox.eu\/it-it\/wp-json\/wp\/v2\/pages\/93556\/revisions\/100674"}],"wp:attachment":[{"href":"https:\/\/www.primorbox.eu\/it-it\/wp-json\/wp\/v2\/media?parent=93556"}],"curies":[{"name":"wp","href":"https:\/\/api.w.org\/{rel}","templated":true}]}}