{"id":777,"date":"2021-12-03T15:32:23","date_gmt":"2021-12-03T15:32:23","guid":{"rendered":"https:\/\/www.primorbox.eu\/?page_id=777"},"modified":"2021-12-30T17:59:51","modified_gmt":"2021-12-30T17:59:51","slug":"politica-dei-cookie","status":"publish","type":"page","link":"https:\/\/www.primorbox.eu\/it-it\/politica-dei-cookie\/","title":{"rendered":"Informativa sui cookie"},"content":{"rendered":"<div data-elementor-type=\"wp-page\" data-elementor-id=\"777\" class=\"elementor elementor-777\" data-elementor-post-type=\"page\">\n\t\t\t\t\t\t<section class=\"elementor-section elementor-top-section elementor-element elementor-element-061b0ad elementor-section-boxed elementor-section-height-default elementor-section-height-default\" data-id=\"061b0ad\" data-element_type=\"section\">\n\t\t\t\t\t\t<div class=\"elementor-container elementor-column-gap-default\">\n\t\t\t\t\t<div class=\"elementor-column elementor-col-100 elementor-top-column elementor-element elementor-element-fb9fda6\" data-id=\"fb9fda6\" data-element_type=\"column\">\n\t\t\t<div class=\"elementor-widget-wrap elementor-element-populated\">\n\t\t\t\t\t\t<div class=\"elementor-element elementor-element-05490ae elementor-widget elementor-widget-text-editor\" data-id=\"05490ae\" data-element_type=\"widget\" data-widget_type=\"text-editor.default\">\n\t\t\t\t<div class=\"elementor-widget-container\">\n\t\t\t\t\t\t\t\t\t<h2>Informativa sui cookie<\/h2>\t\t\t\t\t\t\t\t<\/div>\n\t\t\t\t<\/div>\n\t\t\t\t\t<\/div>\n\t\t<\/div>\n\t\t\t\t\t<\/div>\n\t\t<\/section>\n\t\t\t\t<section class=\"elementor-section elementor-top-section elementor-element elementor-element-a17e4a3 elementor-section-boxed elementor-section-height-default elementor-section-height-default\" data-id=\"a17e4a3\" data-element_type=\"section\">\n\t\t\t\t\t\t<div class=\"elementor-container elementor-column-gap-default\">\n\t\t\t\t\t<div class=\"elementor-column elementor-col-100 elementor-top-column elementor-element elementor-element-2b7b028\" data-id=\"2b7b028\" data-element_type=\"column\">\n\t\t\t<div class=\"elementor-widget-wrap elementor-element-populated\">\n\t\t\t\t\t\t<div class=\"elementor-element elementor-element-10d2c72 elementor-widget elementor-widget-text-editor\" data-id=\"10d2c72\" data-element_type=\"widget\" data-widget_type=\"text-editor.default\">\n\t\t\t\t<div class=\"elementor-widget-container\">\n\t\t\t\t\t\t\t\t\t<p><strong>COOKIE DI GOOGLE ANALYTICS<\/strong><br \/><br \/><\/p><p class=\"translation-block\">Utilizziamo Google Analytics, uno strumento di analisi web gestito da Google, un fornitore di servizi con sede negli Stati Uniti, un Paese che non gode di un livello di privacy equivalente a quello europeo. Pertanto, in questo caso, i trasferimenti internazionali a Google sono coperti dalle relative Clausole Contrattuali Standard approvate dalla Commissione Europea. Per ulteriori informazioni sull'utilizzo dei dati personali da parte dei servizi di Google Analytics, \u00e8 possibile accedere <a href=\"https:\/\/support.google.com\/analytics\/answer\/6004245?hl=es#zippy=identificadores-y-cookies-de-google-analytics\" target=\"_blank\" rel=\"noopener\">qui<\/a>.<br><br><\/p><table class=\"aligncenter\" cellspacing=\"0\" cellpadding=\"0\"><tbody><tr><td><b>Cookie<\/b><\/td><td><b>Tipo<\/b><\/td><td><b>Fornitore<\/b><\/td><td><b>Scopo<\/b><\/td><td><b>Durata<\/b><\/td><td><b>Funzione<\/b><\/td><\/tr><tr><td>_gat<\/td><td>Cookie di terze parti<\/td><td>Google Analytics<\/td><td>Analisi o misurazione<\/td><td>1 minuto<\/td><td>Utilizzato per limitare la frequenza delle richieste. Contiene un identificatore per distinguere i diversi oggetti di tracciamento creati nella sessione.<\/td><\/tr><tr><td>_gid<\/td><td>Cookie di terze parti<\/td><td>Google Analytics)<\/td><td>Analisi o misurazione<\/td><td>2 anni e 1 giorno<\/td><td>Utilizzato per distinguere gli utenti.<\/td><\/tr><\/tbody><\/table>\t\t\t\t\t\t\t\t<\/div>\n\t\t\t\t<\/div>\n\t\t\t\t\t<\/div>\n\t\t<\/div>\n\t\t\t\t\t<\/div>\n\t\t<\/section>\n\t\t\t\t<section class=\"elementor-section elementor-top-section elementor-element elementor-element-54439e4 elementor-section-boxed elementor-section-height-default elementor-section-height-default\" data-id=\"54439e4\" data-element_type=\"section\">\n\t\t\t\t\t\t<div class=\"elementor-container elementor-column-gap-default\">\n\t\t\t\t\t<div class=\"elementor-column elementor-col-100 elementor-top-column elementor-element elementor-element-10624b2\" data-id=\"10624b2\" data-element_type=\"column\">\n\t\t\t<div class=\"elementor-widget-wrap elementor-element-populated\">\n\t\t\t\t\t\t<div class=\"elementor-element elementor-element-287712d elementor-widget elementor-widget-text-editor\" data-id=\"287712d\" data-element_type=\"widget\" data-widget_type=\"text-editor.default\">\n\t\t\t\t<div class=\"elementor-widget-container\">\n\t\t\t\t\t\t\t\t\t<p><strong>COME IMPOSTARE LE PREFERENZE SULLA PRIVACY DEI COOKIE NEL TUO BROWSER<\/strong><\/p><p>Puoi consentire, bloccare o eliminare i cookie dal tuo browser. I seguenti link forniscono informazioni su come configurare i cookie nei browser pi\u00f9 comuni:<\/p><p><a href=\"https:\/\/support.google.com\/accounts\/answer\/61416?co=GENIE.Platform=Desktop&amp;hl=es\" target=\"_blank\" rel=\"noopener\">Google Chrome<\/a><br \/><a href=\"https:\/\/support.mozilla.org\/es\/kb\/habilitar-y-deshabilitar-cookies-sitios-web-rastrear-preferencias\" target=\"_blank\" rel=\"noopener\">Mozilla Firefox<\/a><br \/><a href=\"https:\/\/support.microsoft.com\/es-es\/windows\/eliminar-y-administrar-cookies-168dab11-0753-043d-7c16-ede5947fc64d\" target=\"_blank\" rel=\"noopener\">Microsoft Edge<\/a><br \/><a href=\"https:\/\/support.apple.com\/es-es\/guide\/safari\/sfri11471\/mac\" target=\"_blank\" rel=\"noopener\">Safari desktop<\/a><br \/><a href=\"https:\/\/support.apple.com\/es-es\/HT201265\" target=\"_blank\" rel=\"noopener\">Safari<\/a><br \/><a href=\"https:\/\/support.google.com\/accounts\/answer\/61416?co=GENIE.Platform=Android&amp;hl=es\" target=\"_blank\" rel=\"noopener\">Chrome para Android<\/a><\/p><p>Ti informiamo che alcune funzionalit\u00e0 dei contenuti delle nostre piattaforme sono disponibili solo se consenti l'installazione dei cookie nel tuo browser. Se scegli di non accettare o bloccare determinati cookie, ci\u00f2 potrebbe influire sul corretto funzionamento del sito web o impedirti di accedere a determinate funzionalit\u00e0 del sito web o di altri siti web di terze parti.<\/p>\t\t\t\t\t\t\t\t<\/div>\n\t\t\t\t<\/div>\n\t\t\t\t\t<\/div>\n\t\t<\/div>\n\t\t\t\t\t<\/div>\n\t\t<\/section>\n\t\t\t\t<\/div>","protected":false},"excerpt":{"rendered":"<p>Pol\u00edtica de cookies COOKIES DE GOOGLE ANALYTICS Utilizamos los servicios de Google Analytics, una herramienta de an\u00e1lisis web gestionada por Google, prestador de servicios situado en Estados Unidos, pa\u00eds que no goza de un nivel de privacidad equivalente al europeo. Por ello, en este caso las transferencias internacionales a Google se hallan amparadas mediante las [&hellip;]<\/p>","protected":false},"author":1,"featured_media":0,"parent":0,"menu_order":0,"comment_status":"closed","ping_status":"closed","template":"elementor_header_footer","meta":{"site-sidebar-layout":"no-sidebar","site-content-layout":"page-builder","ast-site-content-layout":"default","site-content-style":"default","site-sidebar-style":"default","ast-global-header-display":"","ast-banner-title-visibility":"","ast-main-header-display":"","ast-hfb-above-header-display":"","ast-hfb-below-header-display":"","ast-hfb-mobile-header-display":"","site-post-title":"disabled","ast-breadcrumbs-content":"","ast-featured-img":"disabled","footer-sml-layout":"","ast-disable-related-posts":"","theme-transparent-header-meta":"","adv-header-id-meta":"","stick-header-meta":"","header-above-stick-meta":"","header-main-stick-meta":"","header-below-stick-meta":"","astra-migrate-meta-layouts":"default","ast-page-background-enabled":"default","ast-page-background-meta":{"desktop":{"background-color":"var(--ast-global-color-4)","background-image":"","background-repeat":"repeat","background-position":"center center","background-size":"auto","background-attachment":"scroll","background-type":"","background-media":"","overlay-type":"","overlay-color":"","overlay-opacity":"","overlay-gradient":""},"tablet":{"background-color":"","background-image":"","background-repeat":"repeat","background-position":"center center","background-size":"auto","background-attachment":"scroll","background-type":"","background-media":"","overlay-type":"","overlay-color":"","overlay-opacity":"","overlay-gradient":""},"mobile":{"background-color":"","background-image":"","background-repeat":"repeat","background-position":"center center","background-size":"auto","background-attachment":"scroll","background-type":"","background-media":"","overlay-type":"","overlay-color":"","overlay-opacity":"","overlay-gradient":""}},"ast-content-background-meta":{"desktop":{"background-color":"var(--ast-global-color-5)","background-image":"","background-repeat":"repeat","background-position":"center center","background-size":"auto","background-attachment":"scroll","background-type":"","background-media":"","overlay-type":"","overlay-color":"","overlay-opacity":"","overlay-gradient":""},"tablet":{"background-color":"var(--ast-global-color-5)","background-image":"","background-repeat":"repeat","background-position":"center center","background-size":"auto","background-attachment":"scroll","background-type":"","background-media":"","overlay-type":"","overlay-color":"","overlay-opacity":"","overlay-gradient":""},"mobile":{"background-color":"var(--ast-global-color-5)","background-image":"","background-repeat":"repeat","background-position":"center center","background-size":"auto","background-attachment":"scroll","background-type":"","background-media":"","overlay-type":"","overlay-color":"","overlay-opacity":"","overlay-gradient":""}},"footnotes":""},"class_list":["post-777","page","type-page","status-publish","hentry"],"yoast_head":"<!-- This site is optimized with the Yoast SEO plugin v26.6 - https:\/\/yoast.com\/wordpress\/plugins\/seo\/ -->\n<title>Pol\u00edtica de cookies - Primor Box<\/title>\n<meta name=\"robots\" content=\"index, follow, max-snippet:-1, max-image-preview:large, max-video-preview:-1\" \/>\n<link rel=\"canonical\" href=\"https:\/\/www.primorbox.eu\/it-it\/politica-dei-cookie\/\" \/>\n<meta property=\"og:locale\" content=\"it_IT\" \/>\n<meta property=\"og:type\" content=\"article\" \/>\n<meta property=\"og:title\" content=\"Pol\u00edtica de cookies - Primor Box\" \/>\n<meta property=\"og:description\" content=\"Pol\u00edtica de cookies COOKIES DE GOOGLE ANALYTICS Utilizamos los servicios de Google Analytics, una herramienta de an\u00e1lisis web gestionada por Google, prestador de servicios situado en Estados Unidos, pa\u00eds que no goza de un nivel de privacidad equivalente al europeo. Por ello, en este caso las transferencias internacionales a Google se hallan amparadas mediante las [&hellip;]\" \/>\n<meta property=\"og:url\" content=\"https:\/\/www.primorbox.eu\/it-it\/politica-dei-cookie\/\" \/>\n<meta property=\"og:site_name\" content=\"Primor Box\" \/>\n<meta property=\"article:modified_time\" content=\"2021-12-30T17:59:51+00:00\" \/>\n<meta name=\"twitter:card\" content=\"summary_large_image\" \/>\n<meta name=\"twitter:label1\" content=\"Tempo di lettura stimato\" \/>\n\t<meta name=\"twitter:data1\" content=\"1 minuto\" \/>\n<script type=\"application\/ld+json\" class=\"yoast-schema-graph\">{\"@context\":\"https:\/\/schema.org\",\"@graph\":[{\"@type\":\"WebPage\",\"@id\":\"https:\/\/www.primorbox.eu\/politica-de-cookies\/\",\"url\":\"https:\/\/www.primorbox.eu\/politica-de-cookies\/\",\"name\":\"Pol\u00edtica de cookies - Primor Box\",\"isPartOf\":{\"@id\":\"https:\/\/www.primorbox.eu\/#website\"},\"datePublished\":\"2021-12-03T15:32:23+00:00\",\"dateModified\":\"2021-12-30T17:59:51+00:00\",\"breadcrumb\":{\"@id\":\"https:\/\/www.primorbox.eu\/politica-de-cookies\/#breadcrumb\"},\"inLanguage\":\"it-IT\",\"potentialAction\":[{\"@type\":\"ReadAction\",\"target\":[\"https:\/\/www.primorbox.eu\/politica-de-cookies\/\"]}]},{\"@type\":\"BreadcrumbList\",\"@id\":\"https:\/\/www.primorbox.eu\/politica-de-cookies\/#breadcrumb\",\"itemListElement\":[{\"@type\":\"ListItem\",\"position\":1,\"name\":\"Portada\",\"item\":\"https:\/\/www.primorbox.eu\/\"},{\"@type\":\"ListItem\",\"position\":2,\"name\":\"Pol\u00edtica de cookies\"}]},{\"@type\":\"WebSite\",\"@id\":\"https:\/\/www.primorbox.eu\/#website\",\"url\":\"https:\/\/www.primorbox.eu\/\",\"name\":\"Primor Box\",\"description\":\"\",\"potentialAction\":[{\"@type\":\"SearchAction\",\"target\":{\"@type\":\"EntryPoint\",\"urlTemplate\":\"https:\/\/www.primorbox.eu\/?s={search_term_string}\"},\"query-input\":{\"@type\":\"PropertyValueSpecification\",\"valueRequired\":true,\"valueName\":\"search_term_string\"}}],\"inLanguage\":\"it-IT\"}]}<\/script>\n<!-- \/ Yoast SEO plugin. -->","yoast_head_json":{"title":"Pol\u00edtica de cookies - Primor Box","robots":{"index":"index","follow":"follow","max-snippet":"max-snippet:-1","max-image-preview":"max-image-preview:large","max-video-preview":"max-video-preview:-1"},"canonical":"https:\/\/www.primorbox.eu\/it-it\/politica-dei-cookie\/","og_locale":"it_IT","og_type":"article","og_title":"Pol\u00edtica de cookies - Primor Box","og_description":"Pol\u00edtica de cookies COOKIES DE GOOGLE ANALYTICS Utilizamos los servicios de Google Analytics, una herramienta de an\u00e1lisis web gestionada por Google, prestador de servicios situado en Estados Unidos, pa\u00eds que no goza de un nivel de privacidad equivalente al europeo. Por ello, en este caso las transferencias internacionales a Google se hallan amparadas mediante las [&hellip;]","og_url":"https:\/\/www.primorbox.eu\/it-it\/politica-dei-cookie\/","og_site_name":"Primor Box","article_modified_time":"2021-12-30T17:59:51+00:00","twitter_card":"summary_large_image","twitter_misc":{"Tempo di lettura stimato":"1 minuto"},"schema":{"@context":"https:\/\/schema.org","@graph":[{"@type":"WebPage","@id":"https:\/\/www.primorbox.eu\/politica-de-cookies\/","url":"https:\/\/www.primorbox.eu\/politica-de-cookies\/","name":"Pol\u00edtica de cookies - Primor Box","isPartOf":{"@id":"https:\/\/www.primorbox.eu\/#website"},"datePublished":"2021-12-03T15:32:23+00:00","dateModified":"2021-12-30T17:59:51+00:00","breadcrumb":{"@id":"https:\/\/www.primorbox.eu\/politica-de-cookies\/#breadcrumb"},"inLanguage":"it-IT","potentialAction":[{"@type":"ReadAction","target":["https:\/\/www.primorbox.eu\/politica-de-cookies\/"]}]},{"@type":"BreadcrumbList","@id":"https:\/\/www.primorbox.eu\/politica-de-cookies\/#breadcrumb","itemListElement":[{"@type":"ListItem","position":1,"name":"Portada","item":"https:\/\/www.primorbox.eu\/"},{"@type":"ListItem","position":2,"name":"Pol\u00edtica de cookies"}]},{"@type":"WebSite","@id":"https:\/\/www.primorbox.eu\/#website","url":"https:\/\/www.primorbox.eu\/","name":"Primor Box","description":"","potentialAction":[{"@type":"SearchAction","target":{"@type":"EntryPoint","urlTemplate":"https:\/\/www.primorbox.eu\/?s={search_term_string}"},"query-input":{"@type":"PropertyValueSpecification","valueRequired":true,"valueName":"search_term_string"}}],"inLanguage":"it-IT"}]}},"_links":{"self":[{"href":"https:\/\/www.primorbox.eu\/it-it\/wp-json\/wp\/v2\/pages\/777","targetHints":{"allow":["GET"]}}],"collection":[{"href":"https:\/\/www.primorbox.eu\/it-it\/wp-json\/wp\/v2\/pages"}],"about":[{"href":"https:\/\/www.primorbox.eu\/it-it\/wp-json\/wp\/v2\/types\/page"}],"author":[{"embeddable":true,"href":"https:\/\/www.primorbox.eu\/it-it\/wp-json\/wp\/v2\/users\/1"}],"replies":[{"embeddable":true,"href":"https:\/\/www.primorbox.eu\/it-it\/wp-json\/wp\/v2\/comments?post=777"}],"version-history":[{"count":25,"href":"https:\/\/www.primorbox.eu\/it-it\/wp-json\/wp\/v2\/pages\/777\/revisions"}],"predecessor-version":[{"id":931,"href":"https:\/\/www.primorbox.eu\/it-it\/wp-json\/wp\/v2\/pages\/777\/revisions\/931"}],"wp:attachment":[{"href":"https:\/\/www.primorbox.eu\/it-it\/wp-json\/wp\/v2\/media?parent=777"}],"curies":[{"name":"wp","href":"https:\/\/api.w.org\/{rel}","templated":true}]}}